{"id":1593,"date":"2020-10-08T15:48:21","date_gmt":"2020-10-08T13:48:21","guid":{"rendered":"http:\/\/cedkqn.med.uni-giessen.de\/?page_id=1593"},"modified":"2022-02-28T16:29:54","modified_gmt":"2022-02-28T15:29:54","slug":"impressum","status":"publish","type":"page","link":"https:\/\/cedkqn.med.uni-giessen.de\/index.php\/impressum\/","title":{"rendered":"Impressum"},"content":{"rendered":"\n<h1>\n\t\tImpressum\n\t<\/h1>\n\tJustus-Liebig-Universit\u00e4t Gie\u00dfen<br \/>\nLudwigstr. 23<br \/>\n35390 Gie\u00dfen<br \/>\nDeutschland<br \/>\nTel.: 0641-99-0<br \/>\nFax: 0641-99-12259\n<b>Rechtsform und gesetzliche Vertretung<br \/>\n<\/b>Die Justus-Liebig-Universit\u00e4t Gie\u00dfen ist eine K\u00f6rperschaft des \u00f6ffentlichen Rechts.\n<p>Sie wird gesetzlich vertreten durch den Pr\u00e4sidenten Prof. Dr. Joybrato Mukherjee l Ludwigstra\u00dfe 23 l 35390 Gie\u00dfen<\/p>\n<b>Zust\u00e4ndige Aufsitzbeh\u00f6rde<br \/>\n<\/b>Hessisches Ministerium f\u00fcr Wissenschaft und Kunst<br \/>\nRheinstra\u00dfe 23-25<br \/>\n65185 Wiesbaden\n<b>Umsatzsteueridentifikationsnummer<br \/>\n<\/b>DE 112591322\n<p><b>Inhaltliche Verantwortlichkeit i.S.v. \u00a75 TMG und \u00a718 Abs. 2 MStV<\/b><\/p>\nZentrum f\u00fcr Kinderheilkunde und Jugendmedizin<br \/>\nAbt. Allgemeine P\u00e4diatrie und Neonatologie<br \/>\nStudienzentrale<br \/>\nProf. Dr. med. Jan de Laffolie<br \/>\nFeulgenstr. 10-12<br \/>\n35392 Gie\u00dfen\n<a href=\"mailto:jan.delaffolie@paediat.med.uni-giessen.de\">jan.delaffolie@paediat.med.uni-giessen.de<\/a><br \/>\nTel.: 0641-985-43400<br \/>\nFax.: 0641-958-46699\n\n","protected":false},"excerpt":{"rendered":"<p>Impressum Justus-Liebig-Universit\u00e4t Gie\u00dfen Ludwigstr. 23 35390 Gie\u00dfen Deutschland Tel.: 0641-99-0 Fax: 0641-99-12259 Rechtsform und gesetzliche Vertretung Die Justus-Liebig-Universit\u00e4t Gie\u00dfen ist eine K\u00f6rperschaft des \u00f6ffentlichen Rechts. Sie wird gesetzlich vertreten durch den Pr\u00e4sidenten Prof. Dr. Joybrato Mukherjee l Ludwigstra\u00dfe 23 l 35390 Gie\u00dfen Zust\u00e4ndige Aufsitzbeh\u00f6rde Hessisches Ministerium f\u00fcr Wissenschaft und Kunst Rheinstra\u00dfe 23-25 65185 Wiesbaden Umsatzsteueridentifikationsnummer &hellip;<\/p>\n<p class=\"read-more\"> <a class=\"\" href=\"https:\/\/cedkqn.med.uni-giessen.de\/index.php\/impressum\/\"> <span class=\"screen-reader-text\">Impressum<\/span> Weiterlesen &raquo;<\/a><\/p>\n","protected":false},"author":2,"featured_media":0,"parent":0,"menu_order":0,"comment_status":"closed","ping_status":"closed","template":"","meta":{"site-sidebar-layout":"default","site-content-layout":"default","ast-global-header-display":"","ast-main-header-display":"","ast-hfb-above-header-display":"","ast-hfb-below-header-display":"","ast-hfb-mobile-header-display":"","site-post-title":"disabled","ast-breadcrumbs-content":"","ast-featured-img":"","footer-sml-layout":"","theme-transparent-header-meta":"","adv-header-id-meta":"","stick-header-meta":"","header-above-stick-meta":"","header-main-stick-meta":"","header-below-stick-meta":"","footnotes":""},"class_list":["post-1593","page","type-page","status-publish","hentry"],"yoast_head":"<!-- This site is optimized with the Yoast SEO plugin v27.4 - https:\/\/yoast.com\/product\/yoast-seo-wordpress\/ -->\n<title>Impressum - CEDKQN<\/title>\n<meta name=\"robots\" content=\"index, follow, max-snippet:-1, max-image-preview:large, max-video-preview:-1\" \/>\n<link rel=\"canonical\" href=\"https:\/\/cedkqn.med.uni-giessen.de\/index.php\/impressum\/\" \/>\n<meta property=\"og:locale\" content=\"de_DE\" \/>\n<meta property=\"og:type\" content=\"article\" \/>\n<meta property=\"og:title\" content=\"Impressum - CEDKQN\" \/>\n<meta property=\"og:description\" content=\"Impressum Justus-Liebig-Universit\u00e4t Gie\u00dfen Ludwigstr. 23 35390 Gie\u00dfen Deutschland Tel.: 0641-99-0 Fax: 0641-99-12259 Rechtsform und gesetzliche Vertretung Die Justus-Liebig-Universit\u00e4t Gie\u00dfen ist eine K\u00f6rperschaft des \u00f6ffentlichen Rechts. Sie wird gesetzlich vertreten durch den Pr\u00e4sidenten Prof. Dr. Joybrato Mukherjee l Ludwigstra\u00dfe 23 l 35390 Gie\u00dfen Zust\u00e4ndige Aufsitzbeh\u00f6rde Hessisches Ministerium f\u00fcr Wissenschaft und Kunst Rheinstra\u00dfe 23-25 65185 Wiesbaden Umsatzsteueridentifikationsnummer &hellip; Impressum Weiterlesen &raquo;\" \/>\n<meta property=\"og:url\" content=\"https:\/\/cedkqn.med.uni-giessen.de\/index.php\/impressum\/\" \/>\n<meta property=\"og:site_name\" content=\"CEDKQN\" \/>\n<meta property=\"article:modified_time\" content=\"2022-02-28T15:29:54+00:00\" \/>\n<meta name=\"twitter:card\" content=\"summary_large_image\" \/>\n<meta name=\"twitter:label1\" content=\"Gesch\u00e4tzte Lesezeit\" \/>\n\t<meta name=\"twitter:data1\" content=\"1\u00a0Minute\" \/>\n<script type=\"application\/ld+json\" class=\"yoast-schema-graph\">{\"@context\":\"https:\\\/\\\/schema.org\",\"@graph\":[{\"@type\":\"WebPage\",\"@id\":\"https:\\\/\\\/cedkqn.med.uni-giessen.de\\\/index.php\\\/impressum\\\/\",\"url\":\"https:\\\/\\\/cedkqn.med.uni-giessen.de\\\/index.php\\\/impressum\\\/\",\"name\":\"Impressum - CEDKQN\",\"isPartOf\":{\"@id\":\"https:\\\/\\\/cedkqn.med.uni-giessen.de\\\/#website\"},\"datePublished\":\"2020-10-08T13:48:21+00:00\",\"dateModified\":\"2022-02-28T15:29:54+00:00\",\"breadcrumb\":{\"@id\":\"https:\\\/\\\/cedkqn.med.uni-giessen.de\\\/index.php\\\/impressum\\\/#breadcrumb\"},\"inLanguage\":\"de\",\"potentialAction\":[{\"@type\":\"ReadAction\",\"target\":[\"https:\\\/\\\/cedkqn.med.uni-giessen.de\\\/index.php\\\/impressum\\\/\"]}]},{\"@type\":\"BreadcrumbList\",\"@id\":\"https:\\\/\\\/cedkqn.med.uni-giessen.de\\\/index.php\\\/impressum\\\/#breadcrumb\",\"itemListElement\":[{\"@type\":\"ListItem\",\"position\":1,\"name\":\"Startseite\",\"item\":\"https:\\\/\\\/cedkqn.med.uni-giessen.de\\\/\"},{\"@type\":\"ListItem\",\"position\":2,\"name\":\"Impressum\"}]},{\"@type\":\"WebSite\",\"@id\":\"https:\\\/\\\/cedkqn.med.uni-giessen.de\\\/#website\",\"url\":\"https:\\\/\\\/cedkqn.med.uni-giessen.de\\\/\",\"name\":\"CEDKQN\",\"description\":\"Eine weitere WordPress-Website\",\"publisher\":{\"@id\":\"https:\\\/\\\/cedkqn.med.uni-giessen.de\\\/#organization\"},\"potentialAction\":[{\"@type\":\"SearchAction\",\"target\":{\"@type\":\"EntryPoint\",\"urlTemplate\":\"https:\\\/\\\/cedkqn.med.uni-giessen.de\\\/?s={search_term_string}\"},\"query-input\":{\"@type\":\"PropertyValueSpecification\",\"valueRequired\":true,\"valueName\":\"search_term_string\"}}],\"inLanguage\":\"de\"},{\"@type\":\"Organization\",\"@id\":\"https:\\\/\\\/cedkqn.med.uni-giessen.de\\\/#organization\",\"name\":\"CEDKQN\",\"url\":\"https:\\\/\\\/cedkqn.med.uni-giessen.de\\\/\",\"logo\":{\"@type\":\"ImageObject\",\"inLanguage\":\"de\",\"@id\":\"https:\\\/\\\/cedkqn.med.uni-giessen.de\\\/#\\\/schema\\\/logo\\\/image\\\/\",\"url\":\"https:\\\/\\\/cedkqn.med.uni-giessen.de\\\/wp-content\\\/uploads\\\/2020\\\/08\\\/Logo-01-v02-Transp.png\",\"contentUrl\":\"https:\\\/\\\/cedkqn.med.uni-giessen.de\\\/wp-content\\\/uploads\\\/2020\\\/08\\\/Logo-01-v02-Transp.png\",\"width\":2000,\"height\":2000,\"caption\":\"CEDKQN\"},\"image\":{\"@id\":\"https:\\\/\\\/cedkqn.med.uni-giessen.de\\\/#\\\/schema\\\/logo\\\/image\\\/\"}}]}<\/script>\n<!-- \/ Yoast SEO plugin. -->","yoast_head_json":{"title":"Impressum - CEDKQN","robots":{"index":"index","follow":"follow","max-snippet":"max-snippet:-1","max-image-preview":"max-image-preview:large","max-video-preview":"max-video-preview:-1"},"canonical":"https:\/\/cedkqn.med.uni-giessen.de\/index.php\/impressum\/","og_locale":"de_DE","og_type":"article","og_title":"Impressum - CEDKQN","og_description":"Impressum Justus-Liebig-Universit\u00e4t Gie\u00dfen Ludwigstr. 23 35390 Gie\u00dfen Deutschland Tel.: 0641-99-0 Fax: 0641-99-12259 Rechtsform und gesetzliche Vertretung Die Justus-Liebig-Universit\u00e4t Gie\u00dfen ist eine K\u00f6rperschaft des \u00f6ffentlichen Rechts. Sie wird gesetzlich vertreten durch den Pr\u00e4sidenten Prof. Dr. Joybrato Mukherjee l Ludwigstra\u00dfe 23 l 35390 Gie\u00dfen Zust\u00e4ndige Aufsitzbeh\u00f6rde Hessisches Ministerium f\u00fcr Wissenschaft und Kunst Rheinstra\u00dfe 23-25 65185 Wiesbaden Umsatzsteueridentifikationsnummer &hellip; Impressum Weiterlesen &raquo;","og_url":"https:\/\/cedkqn.med.uni-giessen.de\/index.php\/impressum\/","og_site_name":"CEDKQN","article_modified_time":"2022-02-28T15:29:54+00:00","twitter_card":"summary_large_image","twitter_misc":{"Gesch\u00e4tzte Lesezeit":"1\u00a0Minute"},"schema":{"@context":"https:\/\/schema.org","@graph":[{"@type":"WebPage","@id":"https:\/\/cedkqn.med.uni-giessen.de\/index.php\/impressum\/","url":"https:\/\/cedkqn.med.uni-giessen.de\/index.php\/impressum\/","name":"Impressum - CEDKQN","isPartOf":{"@id":"https:\/\/cedkqn.med.uni-giessen.de\/#website"},"datePublished":"2020-10-08T13:48:21+00:00","dateModified":"2022-02-28T15:29:54+00:00","breadcrumb":{"@id":"https:\/\/cedkqn.med.uni-giessen.de\/index.php\/impressum\/#breadcrumb"},"inLanguage":"de","potentialAction":[{"@type":"ReadAction","target":["https:\/\/cedkqn.med.uni-giessen.de\/index.php\/impressum\/"]}]},{"@type":"BreadcrumbList","@id":"https:\/\/cedkqn.med.uni-giessen.de\/index.php\/impressum\/#breadcrumb","itemListElement":[{"@type":"ListItem","position":1,"name":"Startseite","item":"https:\/\/cedkqn.med.uni-giessen.de\/"},{"@type":"ListItem","position":2,"name":"Impressum"}]},{"@type":"WebSite","@id":"https:\/\/cedkqn.med.uni-giessen.de\/#website","url":"https:\/\/cedkqn.med.uni-giessen.de\/","name":"CEDKQN","description":"Eine weitere WordPress-Website","publisher":{"@id":"https:\/\/cedkqn.med.uni-giessen.de\/#organization"},"potentialAction":[{"@type":"SearchAction","target":{"@type":"EntryPoint","urlTemplate":"https:\/\/cedkqn.med.uni-giessen.de\/?s={search_term_string}"},"query-input":{"@type":"PropertyValueSpecification","valueRequired":true,"valueName":"search_term_string"}}],"inLanguage":"de"},{"@type":"Organization","@id":"https:\/\/cedkqn.med.uni-giessen.de\/#organization","name":"CEDKQN","url":"https:\/\/cedkqn.med.uni-giessen.de\/","logo":{"@type":"ImageObject","inLanguage":"de","@id":"https:\/\/cedkqn.med.uni-giessen.de\/#\/schema\/logo\/image\/","url":"https:\/\/cedkqn.med.uni-giessen.de\/wp-content\/uploads\/2020\/08\/Logo-01-v02-Transp.png","contentUrl":"https:\/\/cedkqn.med.uni-giessen.de\/wp-content\/uploads\/2020\/08\/Logo-01-v02-Transp.png","width":2000,"height":2000,"caption":"CEDKQN"},"image":{"@id":"https:\/\/cedkqn.med.uni-giessen.de\/#\/schema\/logo\/image\/"}}]}},"_links":{"self":[{"href":"https:\/\/cedkqn.med.uni-giessen.de\/index.php\/wp-json\/wp\/v2\/pages\/1593","targetHints":{"allow":["GET"]}}],"collection":[{"href":"https:\/\/cedkqn.med.uni-giessen.de\/index.php\/wp-json\/wp\/v2\/pages"}],"about":[{"href":"https:\/\/cedkqn.med.uni-giessen.de\/index.php\/wp-json\/wp\/v2\/types\/page"}],"author":[{"embeddable":true,"href":"https:\/\/cedkqn.med.uni-giessen.de\/index.php\/wp-json\/wp\/v2\/users\/2"}],"replies":[{"embeddable":true,"href":"https:\/\/cedkqn.med.uni-giessen.de\/index.php\/wp-json\/wp\/v2\/comments?post=1593"}],"version-history":[{"count":23,"href":"https:\/\/cedkqn.med.uni-giessen.de\/index.php\/wp-json\/wp\/v2\/pages\/1593\/revisions"}],"predecessor-version":[{"id":3521,"href":"https:\/\/cedkqn.med.uni-giessen.de\/index.php\/wp-json\/wp\/v2\/pages\/1593\/revisions\/3521"}],"wp:attachment":[{"href":"https:\/\/cedkqn.med.uni-giessen.de\/index.php\/wp-json\/wp\/v2\/media?parent=1593"}],"curies":[{"name":"wp","href":"https:\/\/api.w.org\/{rel}","templated":true}]}}