{"id":32,"date":"2020-08-24T10:13:29","date_gmt":"2020-08-24T08:13:29","guid":{"rendered":"http:\/\/cedkqn.med.uni-giessen.de\/index.php\/colibri-wp\/"},"modified":"2022-03-10T11:45:01","modified_gmt":"2022-03-10T10:45:01","slug":"front-page-cedkqn","status":"publish","type":"page","link":"https:\/\/cedkqn.med.uni-giessen.de\/","title":{"rendered":"Front Page"},"content":{"rendered":"\n<h1>\n\t\tBig Data &#8211; eHealth\n\t<\/h1>\n\t<p>Verbesserung der Versorgung von Kindern und Jugendlichen mit chronisch entz\u00fcndlichen Darmerkrankungen (CED)\u00a0CED-KQN<\/p>\n\t\t\t\t<a href=\"https:\/\/cedkqn.med.uni-giessen.de\/index.php\/cedata-register\/\" target=\"_self\" itemprop=\"url\" rel=\"noopener\">\n\t\t\t\t<img decoding=\"async\" src=\"http:\/\/cedkqn.med.uni-giessen.de\/wp-content\/uploads\/2020\/08\/cropped-cedata.jpg\" alt=\"http:\/\/cedkqn.med.uni-giessen.de\/wp-content\/uploads\/2020\/08\/cropped-cedata.jpg\" itemprop=\"image\" title=\"cropped-cedata.jpg\" onerror=\"this.style.display='none'\"  \/>\n\t\t\t\t<\/a>\n<h2>\n\t\t<a href=\"https:\/\/cedkqn.med.uni-giessen.de\/index.php\/cedata-register\/\" title=\"CEDATA-Register\" target=\"_self\" rel=\"noopener\">\n\t\tCEDATA-Register\n\t\t<\/a>\n\t<\/h2>\n\t\t\t\t<a href=\"https:\/\/cedkqn.med.uni-giessen.de\/index.php\/clara-studie\/\" target=\"_self\" itemprop=\"url\" rel=\"noopener\">\n\t\t\t\t<img loading=\"lazy\" decoding=\"async\" src=\"https:\/\/cedkqn.med.uni-giessen.de\/wp-content\/uploads\/2020\/08\/cropped-p\u00f5diatrie.jpg\" alt=\"http:\/\/cedkqn.med.uni-giessen.de\/wp-content\/uploads\/2020\/08\/cropped-p\u00f5diatrie.jpg\" itemprop=\"image\" height=\"1292\" width=\"1295\" title=\"cropped-p\u00f5diatrie.jpg\" onerror=\"this.style.display='none'\"  \/>\n\t\t\t\t<\/a>\n<h2>\n\t\t<a href=\"https:\/\/cedkqn.med.uni-giessen.de\/index.php\/clara-studie\/\" title=\"Studien\" target=\"_self\" rel=\"noopener\">\n\t\tStudien\n\t\t<\/a>\n\t<\/h2>\n\t\t\t\t<a href=\"https:\/\/cedkqn.med.uni-giessen.de\/index.php\/projektpartner\/\" target=\"_self\" itemprop=\"url\" rel=\"noopener\">\n\t\t\t\t<img loading=\"lazy\" decoding=\"async\" src=\"https:\/\/cedkqn.med.uni-giessen.de\/wp-content\/uploads\/2020\/08\/cropped-chronisch-krank.jpg\" alt=\"http:\/\/cedkqn.med.uni-giessen.de\/wp-content\/uploads\/2020\/08\/cropped-chronisch-krank.jpg\" itemprop=\"image\" height=\"1227\" width=\"1228\" title=\"cropped-chronisch-krank.jpg\" onerror=\"this.style.display='none'\"  \/>\n\t\t\t\t<\/a>\n<h2>\n\t\t<a href=\"https:\/\/cedkqn.med.uni-giessen.de\/index.php\/projektpartner\/\" title=\"Projektpartner\" target=\"_self\" rel=\"noopener\">\n\t\tProjektpartner\n\t\t<\/a>\n\t<\/h2>\n<h1>\n\t\tDas Projekt\n\t<\/h1>\n\t<p>Das Projekt CED-KQN tr\u00e4gt den Titel \u201aBig Data &#8211; eHealth: Verbesserung der Versorgung von Kindern und Jugendlichen mit chronisch entz\u00fcndlichen Darmerkrankungen&#8216; und wird durch den G-BA, Gemeinsamer Bundesausschuss, Innovationsausschuss mit dem F\u00f6rderkennzeichen 01VSF17054 gef\u00f6rdert.<\/p>\n<p>Ziel des Projekts ist, es auf Grundlage des Patientenregisters CEDATA-GPGE der kindergastroenterologischen Fachgesellschaft (GPGE) neue Technologien und innovative Ans\u00e4tze im Kontext Big Data \/ eHealth zu nutzen, um die Versorgung von Kindern und Jugendlichen mit CED zu verbessern und bestehende Versorgungsl\u00fccken zu schlie\u00dfen. Big Data und eHealth erreichen eine immer gr\u00f6\u00dfere Relevanz in der Patientenversorgung. Das Patientenregister CEDATA-GPGE ist eines der weltweit gr\u00f6\u00dften Patientenregister mit wichtigen Informationen zu Krankheitspr\u00e4sentation, Behandlung und Verlauf und soll im Rahmen des Projekts weiter ausgebaut werden.<\/p>\n<p>Das Projekt CED-KQN besteht aus folgenden Themenpaketen:<\/p>\n<ul>\n<li><strong>Anwendungsentwicklung<\/strong> (Register, Weiterentwicklung und Schaffung von Portalen f\u00fcr Stakeholder zum nutzenspezifischen Zugang zu Daten und Wissensbank)<\/li>\n<li><strong>Clusterrandomisierte Studie<\/strong> (CLARA-Studie mit Fragestellung: Lassen sich durch registerbasierte R\u00fcckmeldungen an Behandler die Anzahl patientenindividueller Versorgungsdefizite verringern bzw. patientenrelevante Outcomeparamenter verbessern?)<\/li>\n<li><strong>Datenvergleiche<\/strong> (Analysen der Versorgungssituation und -qualit\u00e4t au\u00dferhalb des Registers) Algorithmenentwicklung (Register, Entwicklung und Evaluation von Big Data Methoden, Maschinenlernen)<\/li>\n<li><strong>Data Management<\/strong> (Register, Pr\u00fcfung der Datenstruktur \/ Vollst\u00e4ndigkeit \/ Plausibilit\u00e4t \/ Zugriffsrechte)<\/li>\n<li><strong>IT Infrastruktur<\/strong> (Register, Analyse von Speichersysteme und Rechensysteme)<\/li>\n<li><strong>Datenschutz \/ Datensicherheit<\/strong> (Register, Anwendung von Richtlinien zur technischen Umsetzung der Datenschutz- und GCP-Bestimmungen)<\/li>\n<li><strong>Feasibility \/ Usability<\/strong> (Register, Verbesserung der Nutzungsergonomie und Nutzungsprozesse)<\/li>\n<li><strong>Qualit\u00e4tsmanagement<\/strong> (Register, Verwendung von QM-Werkzeugen zur Softwareentwicklung, Umsetzung von Richtlinien)<\/li>\n<li><strong>Transitionsforschung<\/strong> (Studie Transition)<\/li>\n<li><strong>Patient Empowerment<\/strong> (Studie CEDNA, App CEDMO mit Anbindung an das CEDATA-Register)<\/li>\n<li><strong>Zentrale Projektkoordination<\/strong> (Projektmanagement).<\/li>\n<\/ul>\n<p>Die Konsortialf\u00fchrung des Projekts ist die Universit\u00e4tskinderklinik Gie\u00dfen, die Konsortialpartner sind die Universit\u00e4tsmedizin Rostock, Universit\u00e4tsmedizin Greifswald und die Technische Hochschule Mittelhessen. Das Projekt wird mit insgesamt 1,3 Millionen Euro gef\u00f6rdert und l\u00e4uft von Juli 2018 bis Juni 2022.<\/p>\n\n","protected":false},"excerpt":{"rendered":"<p>Big Data &#8211; eHealth Verbesserung der Versorgung von Kindern und Jugendlichen mit chronisch entz\u00fcndlichen Darmerkrankungen (CED)\u00a0CED-KQN CEDATA-Register Studien Projektpartner Das Projekt Das Projekt CED-KQN tr\u00e4gt den Titel \u201aBig Data &#8211; eHealth: Verbesserung der Versorgung von Kindern und Jugendlichen mit chronisch entz\u00fcndlichen Darmerkrankungen&#8216; und wird durch den G-BA, Gemeinsamer Bundesausschuss, Innovationsausschuss mit dem F\u00f6rderkennzeichen 01VSF17054 gef\u00f6rdert. &hellip;<\/p>\n<p class=\"read-more\"> <a class=\"\" href=\"https:\/\/cedkqn.med.uni-giessen.de\/\"> <span class=\"screen-reader-text\">Front Page<\/span> Weiterlesen &raquo;<\/a><\/p>\n","protected":false},"author":2,"featured_media":0,"parent":0,"menu_order":0,"comment_status":"closed","ping_status":"closed","template":"","meta":{"site-sidebar-layout":"default","site-content-layout":"default","ast-global-header-display":"","ast-main-header-display":"","ast-hfb-above-header-display":"","ast-hfb-below-header-display":"","ast-hfb-mobile-header-display":"","site-post-title":"disabled","ast-breadcrumbs-content":"","ast-featured-img":"","footer-sml-layout":"","theme-transparent-header-meta":"","adv-header-id-meta":"","stick-header-meta":"","header-above-stick-meta":"","header-main-stick-meta":"","header-below-stick-meta":"","footnotes":""},"class_list":["post-32","page","type-page","status-publish","hentry"],"yoast_head":"<!-- This site is optimized with the Yoast SEO plugin v27.4 - https:\/\/yoast.com\/product\/yoast-seo-wordpress\/ -->\n<title>Front Page - CEDKQN<\/title>\n<meta name=\"description\" content=\"Eine weitere WordPress-Website CEDKQN Das Projekt CED-KQN tr\u00e4gt den Titel \u201aBig Data \u2013 eHealth: Verbesserung der Versorgung von Kindern und Jugendlichen mit chronisch entz\u00fcndlichen Darmerkrankungen\u2018 und wird durch den G-BA, Gemeinsamer Bundesausschuss, Innovationsausschuss mit dem F\u00f6rderkennzeichen 01VSF17054 gef\u00f6rdert.\" \/>\n<meta name=\"robots\" content=\"index, follow, max-snippet:-1, max-image-preview:large, max-video-preview:-1\" \/>\n<link rel=\"canonical\" href=\"https:\/\/cedkqn.med.uni-giessen.de\/\" \/>\n<meta property=\"og:locale\" content=\"de_DE\" \/>\n<meta property=\"og:type\" content=\"article\" \/>\n<meta property=\"og:title\" content=\"Front Page - CEDKQN\" \/>\n<meta property=\"og:description\" content=\"Eine weitere WordPress-Website CEDKQN Das Projekt CED-KQN tr\u00e4gt den Titel \u201aBig Data \u2013 eHealth: Verbesserung der Versorgung von Kindern und Jugendlichen mit chronisch entz\u00fcndlichen Darmerkrankungen\u2018 und wird durch den G-BA, Gemeinsamer Bundesausschuss, Innovationsausschuss mit dem F\u00f6rderkennzeichen 01VSF17054 gef\u00f6rdert.\" \/>\n<meta property=\"og:url\" content=\"https:\/\/cedkqn.med.uni-giessen.de\/\" \/>\n<meta property=\"og:site_name\" content=\"CEDKQN\" \/>\n<meta property=\"article:modified_time\" content=\"2022-03-10T10:45:01+00:00\" \/>\n<meta property=\"og:image\" content=\"http:\/\/cedkqn.med.uni-giessen.de\/wp-content\/uploads\/2020\/08\/cropped-cedata.jpg\" \/>\n<meta name=\"twitter:card\" content=\"summary_large_image\" \/>\n<meta name=\"twitter:label1\" content=\"Gesch\u00e4tzte Lesezeit\" \/>\n\t<meta name=\"twitter:data1\" content=\"3\u00a0Minuten\" \/>\n<script type=\"application\/ld+json\" class=\"yoast-schema-graph\">{\"@context\":\"https:\\\/\\\/schema.org\",\"@graph\":[{\"@type\":\"WebPage\",\"@id\":\"https:\\\/\\\/cedkqn.med.uni-giessen.de\\\/\",\"url\":\"https:\\\/\\\/cedkqn.med.uni-giessen.de\\\/\",\"name\":\"Front Page - CEDKQN\",\"isPartOf\":{\"@id\":\"https:\\\/\\\/cedkqn.med.uni-giessen.de\\\/#website\"},\"primaryImageOfPage\":{\"@id\":\"https:\\\/\\\/cedkqn.med.uni-giessen.de\\\/#primaryimage\"},\"image\":{\"@id\":\"https:\\\/\\\/cedkqn.med.uni-giessen.de\\\/#primaryimage\"},\"thumbnailUrl\":\"http:\\\/\\\/cedkqn.med.uni-giessen.de\\\/wp-content\\\/uploads\\\/2020\\\/08\\\/cropped-cedata.jpg\",\"datePublished\":\"2020-08-24T08:13:29+00:00\",\"dateModified\":\"2022-03-10T10:45:01+00:00\",\"description\":\"Eine weitere WordPress-Website CEDKQN Das Projekt CED-KQN tr\u00e4gt den Titel \u201aBig Data \u2013 eHealth: Verbesserung der Versorgung von Kindern und Jugendlichen mit chronisch entz\u00fcndlichen Darmerkrankungen\u2018 und wird durch den G-BA, Gemeinsamer Bundesausschuss, Innovationsausschuss mit dem F\u00f6rderkennzeichen 01VSF17054 gef\u00f6rdert.\",\"breadcrumb\":{\"@id\":\"https:\\\/\\\/cedkqn.med.uni-giessen.de\\\/#breadcrumb\"},\"inLanguage\":\"de\",\"potentialAction\":[{\"@type\":\"ReadAction\",\"target\":[\"https:\\\/\\\/cedkqn.med.uni-giessen.de\\\/\"]}]},{\"@type\":\"ImageObject\",\"inLanguage\":\"de\",\"@id\":\"https:\\\/\\\/cedkqn.med.uni-giessen.de\\\/#primaryimage\",\"url\":\"http:\\\/\\\/cedkqn.med.uni-giessen.de\\\/wp-content\\\/uploads\\\/2020\\\/08\\\/cropped-cedata.jpg\",\"contentUrl\":\"http:\\\/\\\/cedkqn.med.uni-giessen.de\\\/wp-content\\\/uploads\\\/2020\\\/08\\\/cropped-cedata.jpg\"},{\"@type\":\"BreadcrumbList\",\"@id\":\"https:\\\/\\\/cedkqn.med.uni-giessen.de\\\/#breadcrumb\",\"itemListElement\":[{\"@type\":\"ListItem\",\"position\":1,\"name\":\"Startseite\",\"item\":\"https:\\\/\\\/cedkqn.med.uni-giessen.de\\\/\"},{\"@type\":\"ListItem\",\"position\":2,\"name\":\"Front Page\"}]},{\"@type\":\"WebSite\",\"@id\":\"https:\\\/\\\/cedkqn.med.uni-giessen.de\\\/#website\",\"url\":\"https:\\\/\\\/cedkqn.med.uni-giessen.de\\\/\",\"name\":\"CEDKQN\",\"description\":\"Eine weitere WordPress-Website\",\"publisher\":{\"@id\":\"https:\\\/\\\/cedkqn.med.uni-giessen.de\\\/#organization\"},\"potentialAction\":[{\"@type\":\"SearchAction\",\"target\":{\"@type\":\"EntryPoint\",\"urlTemplate\":\"https:\\\/\\\/cedkqn.med.uni-giessen.de\\\/?s={search_term_string}\"},\"query-input\":{\"@type\":\"PropertyValueSpecification\",\"valueRequired\":true,\"valueName\":\"search_term_string\"}}],\"inLanguage\":\"de\"},{\"@type\":\"Organization\",\"@id\":\"https:\\\/\\\/cedkqn.med.uni-giessen.de\\\/#organization\",\"name\":\"CEDKQN\",\"url\":\"https:\\\/\\\/cedkqn.med.uni-giessen.de\\\/\",\"logo\":{\"@type\":\"ImageObject\",\"inLanguage\":\"de\",\"@id\":\"https:\\\/\\\/cedkqn.med.uni-giessen.de\\\/#\\\/schema\\\/logo\\\/image\\\/\",\"url\":\"https:\\\/\\\/cedkqn.med.uni-giessen.de\\\/wp-content\\\/uploads\\\/2020\\\/08\\\/Logo-01-v02-Transp.png\",\"contentUrl\":\"https:\\\/\\\/cedkqn.med.uni-giessen.de\\\/wp-content\\\/uploads\\\/2020\\\/08\\\/Logo-01-v02-Transp.png\",\"width\":2000,\"height\":2000,\"caption\":\"CEDKQN\"},\"image\":{\"@id\":\"https:\\\/\\\/cedkqn.med.uni-giessen.de\\\/#\\\/schema\\\/logo\\\/image\\\/\"}}]}<\/script>\n<!-- \/ Yoast SEO plugin. -->","yoast_head_json":{"title":"Front Page - CEDKQN","description":"Eine weitere WordPress-Website CEDKQN Das Projekt CED-KQN tr\u00e4gt den Titel \u201aBig Data \u2013 eHealth: Verbesserung der Versorgung von Kindern und Jugendlichen mit chronisch entz\u00fcndlichen Darmerkrankungen\u2018 und wird durch den G-BA, Gemeinsamer Bundesausschuss, Innovationsausschuss mit dem F\u00f6rderkennzeichen 01VSF17054 gef\u00f6rdert.","robots":{"index":"index","follow":"follow","max-snippet":"max-snippet:-1","max-image-preview":"max-image-preview:large","max-video-preview":"max-video-preview:-1"},"canonical":"https:\/\/cedkqn.med.uni-giessen.de\/","og_locale":"de_DE","og_type":"article","og_title":"Front Page - CEDKQN","og_description":"Eine weitere WordPress-Website CEDKQN Das Projekt CED-KQN tr\u00e4gt den Titel \u201aBig Data \u2013 eHealth: Verbesserung der Versorgung von Kindern und Jugendlichen mit chronisch entz\u00fcndlichen Darmerkrankungen\u2018 und wird durch den G-BA, Gemeinsamer Bundesausschuss, Innovationsausschuss mit dem F\u00f6rderkennzeichen 01VSF17054 gef\u00f6rdert.","og_url":"https:\/\/cedkqn.med.uni-giessen.de\/","og_site_name":"CEDKQN","article_modified_time":"2022-03-10T10:45:01+00:00","og_image":[{"url":"http:\/\/cedkqn.med.uni-giessen.de\/wp-content\/uploads\/2020\/08\/cropped-cedata.jpg","type":"","width":"","height":""}],"twitter_card":"summary_large_image","twitter_misc":{"Gesch\u00e4tzte Lesezeit":"3\u00a0Minuten"},"schema":{"@context":"https:\/\/schema.org","@graph":[{"@type":"WebPage","@id":"https:\/\/cedkqn.med.uni-giessen.de\/","url":"https:\/\/cedkqn.med.uni-giessen.de\/","name":"Front Page - CEDKQN","isPartOf":{"@id":"https:\/\/cedkqn.med.uni-giessen.de\/#website"},"primaryImageOfPage":{"@id":"https:\/\/cedkqn.med.uni-giessen.de\/#primaryimage"},"image":{"@id":"https:\/\/cedkqn.med.uni-giessen.de\/#primaryimage"},"thumbnailUrl":"http:\/\/cedkqn.med.uni-giessen.de\/wp-content\/uploads\/2020\/08\/cropped-cedata.jpg","datePublished":"2020-08-24T08:13:29+00:00","dateModified":"2022-03-10T10:45:01+00:00","description":"Eine weitere WordPress-Website CEDKQN Das Projekt CED-KQN tr\u00e4gt den Titel \u201aBig Data \u2013 eHealth: Verbesserung der Versorgung von Kindern und Jugendlichen mit chronisch entz\u00fcndlichen Darmerkrankungen\u2018 und wird durch den G-BA, Gemeinsamer Bundesausschuss, Innovationsausschuss mit dem F\u00f6rderkennzeichen 01VSF17054 gef\u00f6rdert.","breadcrumb":{"@id":"https:\/\/cedkqn.med.uni-giessen.de\/#breadcrumb"},"inLanguage":"de","potentialAction":[{"@type":"ReadAction","target":["https:\/\/cedkqn.med.uni-giessen.de\/"]}]},{"@type":"ImageObject","inLanguage":"de","@id":"https:\/\/cedkqn.med.uni-giessen.de\/#primaryimage","url":"http:\/\/cedkqn.med.uni-giessen.de\/wp-content\/uploads\/2020\/08\/cropped-cedata.jpg","contentUrl":"http:\/\/cedkqn.med.uni-giessen.de\/wp-content\/uploads\/2020\/08\/cropped-cedata.jpg"},{"@type":"BreadcrumbList","@id":"https:\/\/cedkqn.med.uni-giessen.de\/#breadcrumb","itemListElement":[{"@type":"ListItem","position":1,"name":"Startseite","item":"https:\/\/cedkqn.med.uni-giessen.de\/"},{"@type":"ListItem","position":2,"name":"Front Page"}]},{"@type":"WebSite","@id":"https:\/\/cedkqn.med.uni-giessen.de\/#website","url":"https:\/\/cedkqn.med.uni-giessen.de\/","name":"CEDKQN","description":"Eine weitere WordPress-Website","publisher":{"@id":"https:\/\/cedkqn.med.uni-giessen.de\/#organization"},"potentialAction":[{"@type":"SearchAction","target":{"@type":"EntryPoint","urlTemplate":"https:\/\/cedkqn.med.uni-giessen.de\/?s={search_term_string}"},"query-input":{"@type":"PropertyValueSpecification","valueRequired":true,"valueName":"search_term_string"}}],"inLanguage":"de"},{"@type":"Organization","@id":"https:\/\/cedkqn.med.uni-giessen.de\/#organization","name":"CEDKQN","url":"https:\/\/cedkqn.med.uni-giessen.de\/","logo":{"@type":"ImageObject","inLanguage":"de","@id":"https:\/\/cedkqn.med.uni-giessen.de\/#\/schema\/logo\/image\/","url":"https:\/\/cedkqn.med.uni-giessen.de\/wp-content\/uploads\/2020\/08\/Logo-01-v02-Transp.png","contentUrl":"https:\/\/cedkqn.med.uni-giessen.de\/wp-content\/uploads\/2020\/08\/Logo-01-v02-Transp.png","width":2000,"height":2000,"caption":"CEDKQN"},"image":{"@id":"https:\/\/cedkqn.med.uni-giessen.de\/#\/schema\/logo\/image\/"}}]}},"_links":{"self":[{"href":"https:\/\/cedkqn.med.uni-giessen.de\/index.php\/wp-json\/wp\/v2\/pages\/32","targetHints":{"allow":["GET"]}}],"collection":[{"href":"https:\/\/cedkqn.med.uni-giessen.de\/index.php\/wp-json\/wp\/v2\/pages"}],"about":[{"href":"https:\/\/cedkqn.med.uni-giessen.de\/index.php\/wp-json\/wp\/v2\/types\/page"}],"author":[{"embeddable":true,"href":"https:\/\/cedkqn.med.uni-giessen.de\/index.php\/wp-json\/wp\/v2\/users\/2"}],"replies":[{"embeddable":true,"href":"https:\/\/cedkqn.med.uni-giessen.de\/index.php\/wp-json\/wp\/v2\/comments?post=32"}],"version-history":[{"count":42,"href":"https:\/\/cedkqn.med.uni-giessen.de\/index.php\/wp-json\/wp\/v2\/pages\/32\/revisions"}],"predecessor-version":[{"id":3541,"href":"https:\/\/cedkqn.med.uni-giessen.de\/index.php\/wp-json\/wp\/v2\/pages\/32\/revisions\/3541"}],"wp:attachment":[{"href":"https:\/\/cedkqn.med.uni-giessen.de\/index.php\/wp-json\/wp\/v2\/media?parent=32"}],"curies":[{"name":"wp","href":"https:\/\/api.w.org\/{rel}","templated":true}]}}