{"id":37,"date":"2020-08-24T10:23:48","date_gmt":"2020-08-24T08:23:48","guid":{"rendered":"http:\/\/cedkqn.med.uni-giessen.de\/?page_id=37"},"modified":"2022-02-28T17:47:15","modified_gmt":"2022-02-28T16:47:15","slug":"cedata-register","status":"publish","type":"page","link":"https:\/\/cedkqn.med.uni-giessen.de\/index.php\/cedata-register\/","title":{"rendered":"CEDATA-Register"},"content":{"rendered":"\n<h1>\n\t\tCEDATA-Register\n\t<\/h1>\n\t\t\t<a href=\"#CEDATA-Register-Box\" target=\"_self\" role=\"button\" rel=\"noopener\">\n\t\t\t\t\t\tCEDATA-Register\n\t\t\t\t\t<\/a>\n\t\t\t<a href=\"#CEDMO-App-Box\" target=\"_self\" role=\"button\" rel=\"noopener\">\n\t\t\t\t\t\tCEDMO App\n\t\t\t\t\t<\/a>\n<h1>\n\t\tCEDATA-Register\n\t<\/h1>\n\t<p>Das Register CEDATA-GPGE wurde zur Erhebung und Analyse klinischer Routinedaten in Bezug auf Erkrankung, Diagnostik, Therapie und Verlauf von Kindern und Jugendlichen mit chronisch entz\u00fcndlichen Darmerkrankungen (CED) entwickelt. Die aus diesem Register gewonnenen Erkenntnisse sollen einen umfassenden Einblick in die Versorgungssituation in Deutschland und \u00d6sterreich, sowie perspektivisch in der Schweiz, erm\u00f6glichen und die Diagnostik sowie Therapie der betroffenen Patienten verbessern.<\/p>\n<h2>\n\t\tStand der Forschung\n\t<\/h2>\n\t<p>Die erste zentrale Erfassung von Daten zu Kindern und Jugendlichen mit CED begann im Jahre 2000 mit dem S\u00e4chsischen Kinder-CED-Register. Ein bundesweites Register namens \u00bbCEDATA-GPGE\u00ab\u00a0wurde am 1. Juli 2004 von der Gesellschaft f\u00fcr p\u00e4diatrische Gastroenterologie und Ern\u00e4hrung (GPGE) ins Leben gerufen. Im Jahre 2008 wurde das Register nach M\u00fcnchen \u00fcbertragen. Die Vereinigung der beiden Datenbanken erfolgte 2009, wodurch eine kumulative Auswertung und somit umfangreichere Plausibilit\u00e4tspr\u00fcfung der Daten m\u00f6glich wurde. Zum Jahreswechsel 2010\/2011 wurde das Register vom Helmholtz-Institut in M\u00fcnchen an die Universit\u00e4tskinderklinik der Justus-Liebig-Universit\u00e4t nach Gie\u00dfen \u00fcbergeben.<\/p>\n<p>Es liegen wissenschaftliche Arbeiten vor, die die Daten des CEDATA-GPGE-Registers deskriptiv analysieren und versuchen, Fragestellungen in Bezug auf chronisch entz\u00fcndliche Darmerkrankungen bei Kindern und Jugendlichen zu kl\u00e4ren.<\/p>\n<h2>\n\t\tZiele\n\t<\/h2>\n\t<p>Die Erhebung der klinischen Patientendaten und deren Auswertung dient wissenschaftlichen Zwecken und soll zur Verbesserung der Diagnostik und Therapie von chronisch entz\u00fcndlichen Darmerkrankungen wie Morbus Crohn, Colitis ulcerosa und Colitis indeterminata beitragen. Auch sollen mittels epidemiologischer Studien Anhaltspunkte zur \u00c4tiologie gefunden werden, um z.B. die Bedeutung von Umwelteinfl\u00fcssen durch geografische und zeitliche H\u00e4ufigkeitsunterschiede der bundesweiten und in \u00d6sterreich und der Schweiz gesammelten Daten zu ermitteln. Weiterhin k\u00f6nnen Patienten mit Hilfe des CEDATA-GPGE-Registers auch f\u00fcr prospektive Studien identifiziert und rekrutiert werden, wenn sie einer Kontaktaufnahme zu Forschungszwecken in der ohnehin erforderlichen Einwilligungserkl\u00e4rung explizit zustimmen. Eine Qualit\u00e4tskontrolle durch Vergleiche verschiedener Kliniken bzw. verschiedener Behandlungsans\u00e4tze ist durch die Registerdaten m\u00f6glich. Wesentliches Ziel des Registers \u00bbCEDATA-GPGE\u00ab ist auch die Steigerung der Versorgungs- und Lebensqualit\u00e4t der Kinder und ihrer Familien.<\/p>\n<h2>\n\t\tArbeitsprogramm\n\t<\/h2>\n\t<p>Die Erhebung der klinischen Daten erfolgt durch die meldenden \u00c4rzte, vorzugsweise Kindergastroenterologen im deutschsprachigen Raum. Der Arzt muss als Voraussetzung zur Teilnahme Kinder und Jugendliche mit chronisch entz\u00fcndlichen Darmerkrankungen (CED) betreuen. Die Daten werden von den Meldern in pseudonymisierter Form zur weiteren Auswertung mittels Online-Tool direkt in das Register eingegeben oder wahlweise auch als papierbasierten Dokumentationsbogen an die Studienzentrale des Zentrums f\u00fcr Kinder- und Jugendmedizin der Justus-Liebig-Universit\u00e4t in Gie\u00dfen gesendet. Die personenbezogenen Daten der Patienten und ihre Einwilligungserkl\u00e4rungen werden zu einer Vertrauensstelle in Berlin gesendet, deren Aufgabe die Datenspeicherung und Datenbankpflege der Kontaktdaten ist. Des Weiteren wirkt die Vertrauensstelle als Ansprechpartner bei unklaren R\u00fcckfragen und Zuordnungen und erm\u00f6glicht eine Kontaktaufnahme mit den Patienten f\u00fcr etwaige geplante Studien, wenn der Patient dies in seiner Einwilligungserkl\u00e4rung explizit gestattet hat.<\/p>\n\t\t\t\t<a href=\"https:\/\/www.gpge.eu\" target=\"_blank\" rel=\"noopener\" itemprop=\"url\">\n\t\t\t\t<img decoding=\"async\" src=\"http:\/\/cedkqn.med.uni-giessen.de\/wp-content\/uploads\/2020\/08\/logo-gpge-gruen-blauschwarz-300x89.png\" alt=\"logo gpge gr\u00fcn blauschwarz\" itemprop=\"image\" title=\"logo gpge gr\u00fcn blauschwarz\" onerror=\"this.style.display='none'\"  \/>\n\t\t\t\t<\/a>\n<h1>\n\t\tCEDMO App\n\t<\/h1>\n<h3>\n\t\tDie moderne App f\u00fcr Kinder und Jugendliche mit CED\n\t<\/h3>\n<h4>\n\t\tWas ist CEDMO?\n\t<\/h4>\n\tDie CEDMO App ist ein digitaler und kostenloser Begleiter f\u00fcr Kinder und Jugendliche mit CED, der es leichter macht, deren Tag zu erfassen. In der App kann das Wichtigste zu dem Befinden, der Ern\u00e4hrung, dem Gewicht oder den Arztterminen<br \/>\nnotiert werden. Dar\u00fcber hinaus k\u00f6nnen auch Schulfehltage eingetragen werden, Notizen gemacht und Bilder hochgeladen werden.\n<h4>\n\t\tWie hilft CEDMO?\n\t<\/h4>\n\t<p>CEDMO soll den Kindern und Jugendlichen helfen, besser mit ihrer Krankheit umzugehen. Mit mehr Eigenverantwortung und Wissen k\u00f6nnen sie als Patienten sicherer werden und sich selbst besser helfen.<\/p>\n<h4>\n\t\tWie unterscheidet sich CEDMO?\n\t<\/h4>\n\tCEDMO wurde ausschlie\u00dflich f\u00fcr Kinder und Jugendliche mit CED in der Universit\u00e4tskinderklinik Gie\u00dfen und der Technischen Hochschule Mittelhessen THM entwickelt. Beachtet wurde dabei, dass die App einfach aufgebaut ist und nur das Wichtigste<br \/>\nenth\u00e4lt, so dass es selbsterkl\u00e4rend und schnell geht.\nDie App ist nicht nur ein digitales Tool f\u00fcr die CED-Patienten, sondern auch f\u00fcr die \u00c4rzte. Diese k\u00f6nnen sich mit der App des Patienten mittels des CEDATA-GPGE Registers verbinden. Beim folgenden Arzttermin kann dieser auf einen Blick<br \/>\nsehen, wie es dem Patienten in der Zeit davor ergangen ist, wie viel dieser gewogen hat und welche Lebensmittel dieser zu sich genommen hat.\n\t\t\t<a href=\"https:\/\/www.cedmo.de\" target=\"_blank\" role=\"button\" rel=\"noopener\">\n\t\t\t\t\t\tMehr erfahren\n\t\t\t\t\t<\/a>\n\t\t\t\t<a href=\"https:\/\/www.cedmo.de\" target=\"_blank\" rel=\"noopener\" itemprop=\"url\">\n\t\t\t\t<img loading=\"lazy\" decoding=\"async\" src=\"https:\/\/cedkqn.med.uni-giessen.de\/wp-content\/uploads\/2022\/02\/cropped-Handy-CEDMO.jpg\" alt=\"http:\/\/cedkqn.med.uni-giessen.de\/wp-content\/uploads\/2022\/02\/cropped-Handy-CEDMO.jpg\" itemprop=\"image\" height=\"1146\" width=\"1146\" title=\"cropped-Handy-CEDMO.jpg\" onerror=\"this.style.display='none'\"  \/>\n\t\t\t\t<\/a>\n\t\t\t\t<a href=\"https:\/\/cedmo.med.uni-giessen.de\/#CEDMO-Video\" target=\"_blank\" rel=\"noopener\" itemprop=\"url\">\n\t\t\t\t<img loading=\"lazy\" decoding=\"async\" src=\"https:\/\/cedkqn.med.uni-giessen.de\/wp-content\/uploads\/2022\/02\/CEDMO-Video.png\" alt=\"CEDMO-Video\" itemprop=\"image\" height=\"125\" width=\"165\" title=\"CEDMO-Video\" onerror=\"this.style.display='none'\"  \/>\n\t\t\t\t<\/a>\n<h5>\n\t\t<a href=\"https:\/\/cedmo.med.uni-giessen.de\/#CEDMO-Video\" title=\"Video zur App\" target=\"_blank\" rel=\"noopener\">\n\t\tVideo zur App\n\t\t<\/a>\n\t<\/h5>\n\t\t\t\t<a href=\"https:\/\/cedkqn.med.uni-giessen.de\/wp-content\/uploads\/2022\/02\/CEDMO-Steckbrief_web.pdf\" target=\"_blank\" rel=\"noopener\" itemprop=\"url\">\n\t\t\t\t<img decoding=\"async\" src=\"http:\/\/cedkqn.med.uni-giessen.de\/wp-content\/uploads\/2022\/02\/CEDMO-Steckbrief-300x214.jpg\" alt=\"CEDMO-Steckbrief\" itemprop=\"image\" title=\"CEDMO-Steckbrief\" onerror=\"this.style.display='none'\"  \/>\n\t\t\t\t<\/a>\n<h5>\n\t\t<a href=\"https:\/\/cedkqn.med.uni-giessen.de\/wp-content\/uploads\/2022\/02\/CEDMO-Steckbrief_web.pdf\" title=\"Anleitung Verbindung CEDMO App f\u00fcr \u00c4rzte\" target=\"_blank\" rel=\"noopener\">\n\t\tAnleitung Verbindung CEDMO App f\u00fcr \u00c4rzte\n\t\t<\/a>\n\t<\/h5>\n\n","protected":false},"excerpt":{"rendered":"<p>CEDATA-Register CEDATA-Register CEDMO App CEDATA-Register Das Register CEDATA-GPGE wurde zur Erhebung und Analyse klinischer Routinedaten in Bezug auf Erkrankung, Diagnostik, Therapie und Verlauf von Kindern und Jugendlichen mit chronisch entz\u00fcndlichen Darmerkrankungen (CED) entwickelt. Die aus diesem Register gewonnenen Erkenntnisse sollen einen umfassenden Einblick in die Versorgungssituation in Deutschland und \u00d6sterreich, sowie perspektivisch in der Schweiz, &hellip;<\/p>\n<p class=\"read-more\"> <a class=\"\" href=\"https:\/\/cedkqn.med.uni-giessen.de\/index.php\/cedata-register\/\"> <span class=\"screen-reader-text\">CEDATA-Register<\/span> Weiterlesen &raquo;<\/a><\/p>\n","protected":false},"author":2,"featured_media":0,"parent":0,"menu_order":0,"comment_status":"closed","ping_status":"closed","template":"","meta":{"site-sidebar-layout":"default","site-content-layout":"default","ast-global-header-display":"","ast-main-header-display":"","ast-hfb-above-header-display":"","ast-hfb-below-header-display":"","ast-hfb-mobile-header-display":"","site-post-title":"disabled","ast-breadcrumbs-content":"","ast-featured-img":"","footer-sml-layout":"","theme-transparent-header-meta":"","adv-header-id-meta":"","stick-header-meta":"","header-above-stick-meta":"","header-main-stick-meta":"","header-below-stick-meta":"","footnotes":""},"class_list":["post-37","page","type-page","status-publish","hentry"],"yoast_head":"<!-- This site is optimized with the Yoast SEO plugin v27.4 - https:\/\/yoast.com\/product\/yoast-seo-wordpress\/ -->\n<title>CEDATA-Register - CEDKQN<\/title>\n<meta name=\"description\" content=\"CEDKQN CEDATA-Register Das Register CEDATA-GPGE wurde zur Erhebung und Analyse klinischer Routinedaten in Bezug auf Erkrankung, Diagnostik, Therapie und Verlauf von Kindern und Jugendlichen mit chronisch entz\u00fcndlichen Darmerkrankungen (CED) entwickelt. Die aus diesem Register gewonnenen Erkenntnisse sollen einen umfassenden Einblick in die Versorgungssituation in Deutschland und \u00d6sterreich, sowie perspektivisch in der Schweiz, erm\u00f6glichen und die Diagnostik sowie Therapie der betroffenen Patienten verbessern.\" \/>\n<meta name=\"robots\" content=\"index, follow, max-snippet:-1, max-image-preview:large, max-video-preview:-1\" \/>\n<link rel=\"canonical\" href=\"https:\/\/cedkqn.med.uni-giessen.de\/index.php\/cedata-register\/\" \/>\n<meta property=\"og:locale\" content=\"de_DE\" \/>\n<meta property=\"og:type\" content=\"article\" \/>\n<meta property=\"og:title\" content=\"CEDATA-Register - CEDKQN\" \/>\n<meta property=\"og:description\" content=\"CEDKQN CEDATA-Register Das Register CEDATA-GPGE wurde zur Erhebung und Analyse klinischer Routinedaten in Bezug auf Erkrankung, Diagnostik, Therapie und Verlauf von Kindern und Jugendlichen mit chronisch entz\u00fcndlichen Darmerkrankungen (CED) entwickelt. Die aus diesem Register gewonnenen Erkenntnisse sollen einen umfassenden Einblick in die Versorgungssituation in Deutschland und \u00d6sterreich, sowie perspektivisch in der Schweiz, erm\u00f6glichen und die Diagnostik sowie Therapie der betroffenen Patienten verbessern.\" \/>\n<meta property=\"og:url\" content=\"https:\/\/cedkqn.med.uni-giessen.de\/index.php\/cedata-register\/\" \/>\n<meta property=\"og:site_name\" content=\"CEDKQN\" \/>\n<meta property=\"article:modified_time\" content=\"2022-02-28T16:47:15+00:00\" \/>\n<meta property=\"og:image\" content=\"http:\/\/cedkqn.med.uni-giessen.de\/wp-content\/uploads\/2020\/08\/logo-gpge-gruen-blauschwarz-300x89.png\" \/>\n<meta name=\"twitter:card\" content=\"summary_large_image\" \/>\n<meta name=\"twitter:label1\" content=\"Gesch\u00e4tzte Lesezeit\" \/>\n\t<meta name=\"twitter:data1\" content=\"5\u00a0Minuten\" \/>\n<script type=\"application\/ld+json\" class=\"yoast-schema-graph\">{\"@context\":\"https:\\\/\\\/schema.org\",\"@graph\":[{\"@type\":\"WebPage\",\"@id\":\"https:\\\/\\\/cedkqn.med.uni-giessen.de\\\/index.php\\\/cedata-register\\\/\",\"url\":\"https:\\\/\\\/cedkqn.med.uni-giessen.de\\\/index.php\\\/cedata-register\\\/\",\"name\":\"CEDATA-Register - CEDKQN\",\"isPartOf\":{\"@id\":\"https:\\\/\\\/cedkqn.med.uni-giessen.de\\\/#website\"},\"primaryImageOfPage\":{\"@id\":\"https:\\\/\\\/cedkqn.med.uni-giessen.de\\\/index.php\\\/cedata-register\\\/#primaryimage\"},\"image\":{\"@id\":\"https:\\\/\\\/cedkqn.med.uni-giessen.de\\\/index.php\\\/cedata-register\\\/#primaryimage\"},\"thumbnailUrl\":\"http:\\\/\\\/cedkqn.med.uni-giessen.de\\\/wp-content\\\/uploads\\\/2020\\\/08\\\/logo-gpge-gruen-blauschwarz-300x89.png\",\"datePublished\":\"2020-08-24T08:23:48+00:00\",\"dateModified\":\"2022-02-28T16:47:15+00:00\",\"description\":\"CEDKQN CEDATA-Register Das Register CEDATA-GPGE wurde zur Erhebung und Analyse klinischer Routinedaten in Bezug auf Erkrankung, Diagnostik, Therapie und Verlauf von Kindern und Jugendlichen mit chronisch entz\u00fcndlichen Darmerkrankungen (CED) entwickelt. Die aus diesem Register gewonnenen Erkenntnisse sollen einen umfassenden Einblick in die Versorgungssituation in Deutschland und \u00d6sterreich, sowie perspektivisch in der Schweiz, erm\u00f6glichen und die Diagnostik sowie Therapie der betroffenen Patienten verbessern.\",\"breadcrumb\":{\"@id\":\"https:\\\/\\\/cedkqn.med.uni-giessen.de\\\/index.php\\\/cedata-register\\\/#breadcrumb\"},\"inLanguage\":\"de\",\"potentialAction\":[{\"@type\":\"ReadAction\",\"target\":[\"https:\\\/\\\/cedkqn.med.uni-giessen.de\\\/index.php\\\/cedata-register\\\/\"]}]},{\"@type\":\"ImageObject\",\"inLanguage\":\"de\",\"@id\":\"https:\\\/\\\/cedkqn.med.uni-giessen.de\\\/index.php\\\/cedata-register\\\/#primaryimage\",\"url\":\"https:\\\/\\\/cedkqn.med.uni-giessen.de\\\/wp-content\\\/uploads\\\/2020\\\/08\\\/logo-gpge-gruen-blauschwarz.png\",\"contentUrl\":\"https:\\\/\\\/cedkqn.med.uni-giessen.de\\\/wp-content\\\/uploads\\\/2020\\\/08\\\/logo-gpge-gruen-blauschwarz.png\",\"width\":877,\"height\":259},{\"@type\":\"BreadcrumbList\",\"@id\":\"https:\\\/\\\/cedkqn.med.uni-giessen.de\\\/index.php\\\/cedata-register\\\/#breadcrumb\",\"itemListElement\":[{\"@type\":\"ListItem\",\"position\":1,\"name\":\"Startseite\",\"item\":\"https:\\\/\\\/cedkqn.med.uni-giessen.de\\\/\"},{\"@type\":\"ListItem\",\"position\":2,\"name\":\"CEDATA-Register\"}]},{\"@type\":\"WebSite\",\"@id\":\"https:\\\/\\\/cedkqn.med.uni-giessen.de\\\/#website\",\"url\":\"https:\\\/\\\/cedkqn.med.uni-giessen.de\\\/\",\"name\":\"CEDKQN\",\"description\":\"Eine weitere WordPress-Website\",\"publisher\":{\"@id\":\"https:\\\/\\\/cedkqn.med.uni-giessen.de\\\/#organization\"},\"potentialAction\":[{\"@type\":\"SearchAction\",\"target\":{\"@type\":\"EntryPoint\",\"urlTemplate\":\"https:\\\/\\\/cedkqn.med.uni-giessen.de\\\/?s={search_term_string}\"},\"query-input\":{\"@type\":\"PropertyValueSpecification\",\"valueRequired\":true,\"valueName\":\"search_term_string\"}}],\"inLanguage\":\"de\"},{\"@type\":\"Organization\",\"@id\":\"https:\\\/\\\/cedkqn.med.uni-giessen.de\\\/#organization\",\"name\":\"CEDKQN\",\"url\":\"https:\\\/\\\/cedkqn.med.uni-giessen.de\\\/\",\"logo\":{\"@type\":\"ImageObject\",\"inLanguage\":\"de\",\"@id\":\"https:\\\/\\\/cedkqn.med.uni-giessen.de\\\/#\\\/schema\\\/logo\\\/image\\\/\",\"url\":\"https:\\\/\\\/cedkqn.med.uni-giessen.de\\\/wp-content\\\/uploads\\\/2020\\\/08\\\/Logo-01-v02-Transp.png\",\"contentUrl\":\"https:\\\/\\\/cedkqn.med.uni-giessen.de\\\/wp-content\\\/uploads\\\/2020\\\/08\\\/Logo-01-v02-Transp.png\",\"width\":2000,\"height\":2000,\"caption\":\"CEDKQN\"},\"image\":{\"@id\":\"https:\\\/\\\/cedkqn.med.uni-giessen.de\\\/#\\\/schema\\\/logo\\\/image\\\/\"}}]}<\/script>\n<!-- \/ Yoast SEO plugin. -->","yoast_head_json":{"title":"CEDATA-Register - CEDKQN","description":"CEDKQN CEDATA-Register Das Register CEDATA-GPGE wurde zur Erhebung und Analyse klinischer Routinedaten in Bezug auf Erkrankung, Diagnostik, Therapie und Verlauf von Kindern und Jugendlichen mit chronisch entz\u00fcndlichen Darmerkrankungen (CED) entwickelt. Die aus diesem Register gewonnenen Erkenntnisse sollen einen umfassenden Einblick in die Versorgungssituation in Deutschland und \u00d6sterreich, sowie perspektivisch in der Schweiz, erm\u00f6glichen und die Diagnostik sowie Therapie der betroffenen Patienten verbessern.","robots":{"index":"index","follow":"follow","max-snippet":"max-snippet:-1","max-image-preview":"max-image-preview:large","max-video-preview":"max-video-preview:-1"},"canonical":"https:\/\/cedkqn.med.uni-giessen.de\/index.php\/cedata-register\/","og_locale":"de_DE","og_type":"article","og_title":"CEDATA-Register - CEDKQN","og_description":"CEDKQN CEDATA-Register Das Register CEDATA-GPGE wurde zur Erhebung und Analyse klinischer Routinedaten in Bezug auf Erkrankung, Diagnostik, Therapie und Verlauf von Kindern und Jugendlichen mit chronisch entz\u00fcndlichen Darmerkrankungen (CED) entwickelt. Die aus diesem Register gewonnenen Erkenntnisse sollen einen umfassenden Einblick in die Versorgungssituation in Deutschland und \u00d6sterreich, sowie perspektivisch in der Schweiz, erm\u00f6glichen und die Diagnostik sowie Therapie der betroffenen Patienten verbessern.","og_url":"https:\/\/cedkqn.med.uni-giessen.de\/index.php\/cedata-register\/","og_site_name":"CEDKQN","article_modified_time":"2022-02-28T16:47:15+00:00","og_image":[{"url":"http:\/\/cedkqn.med.uni-giessen.de\/wp-content\/uploads\/2020\/08\/logo-gpge-gruen-blauschwarz-300x89.png","type":"","width":"","height":""}],"twitter_card":"summary_large_image","twitter_misc":{"Gesch\u00e4tzte Lesezeit":"5\u00a0Minuten"},"schema":{"@context":"https:\/\/schema.org","@graph":[{"@type":"WebPage","@id":"https:\/\/cedkqn.med.uni-giessen.de\/index.php\/cedata-register\/","url":"https:\/\/cedkqn.med.uni-giessen.de\/index.php\/cedata-register\/","name":"CEDATA-Register - CEDKQN","isPartOf":{"@id":"https:\/\/cedkqn.med.uni-giessen.de\/#website"},"primaryImageOfPage":{"@id":"https:\/\/cedkqn.med.uni-giessen.de\/index.php\/cedata-register\/#primaryimage"},"image":{"@id":"https:\/\/cedkqn.med.uni-giessen.de\/index.php\/cedata-register\/#primaryimage"},"thumbnailUrl":"http:\/\/cedkqn.med.uni-giessen.de\/wp-content\/uploads\/2020\/08\/logo-gpge-gruen-blauschwarz-300x89.png","datePublished":"2020-08-24T08:23:48+00:00","dateModified":"2022-02-28T16:47:15+00:00","description":"CEDKQN CEDATA-Register Das Register CEDATA-GPGE wurde zur Erhebung und Analyse klinischer Routinedaten in Bezug auf Erkrankung, Diagnostik, Therapie und Verlauf von Kindern und Jugendlichen mit chronisch entz\u00fcndlichen Darmerkrankungen (CED) entwickelt. Die aus diesem Register gewonnenen Erkenntnisse sollen einen umfassenden Einblick in die Versorgungssituation in Deutschland und \u00d6sterreich, sowie perspektivisch in der Schweiz, erm\u00f6glichen und die Diagnostik sowie Therapie der betroffenen Patienten verbessern.","breadcrumb":{"@id":"https:\/\/cedkqn.med.uni-giessen.de\/index.php\/cedata-register\/#breadcrumb"},"inLanguage":"de","potentialAction":[{"@type":"ReadAction","target":["https:\/\/cedkqn.med.uni-giessen.de\/index.php\/cedata-register\/"]}]},{"@type":"ImageObject","inLanguage":"de","@id":"https:\/\/cedkqn.med.uni-giessen.de\/index.php\/cedata-register\/#primaryimage","url":"https:\/\/cedkqn.med.uni-giessen.de\/wp-content\/uploads\/2020\/08\/logo-gpge-gruen-blauschwarz.png","contentUrl":"https:\/\/cedkqn.med.uni-giessen.de\/wp-content\/uploads\/2020\/08\/logo-gpge-gruen-blauschwarz.png","width":877,"height":259},{"@type":"BreadcrumbList","@id":"https:\/\/cedkqn.med.uni-giessen.de\/index.php\/cedata-register\/#breadcrumb","itemListElement":[{"@type":"ListItem","position":1,"name":"Startseite","item":"https:\/\/cedkqn.med.uni-giessen.de\/"},{"@type":"ListItem","position":2,"name":"CEDATA-Register"}]},{"@type":"WebSite","@id":"https:\/\/cedkqn.med.uni-giessen.de\/#website","url":"https:\/\/cedkqn.med.uni-giessen.de\/","name":"CEDKQN","description":"Eine weitere WordPress-Website","publisher":{"@id":"https:\/\/cedkqn.med.uni-giessen.de\/#organization"},"potentialAction":[{"@type":"SearchAction","target":{"@type":"EntryPoint","urlTemplate":"https:\/\/cedkqn.med.uni-giessen.de\/?s={search_term_string}"},"query-input":{"@type":"PropertyValueSpecification","valueRequired":true,"valueName":"search_term_string"}}],"inLanguage":"de"},{"@type":"Organization","@id":"https:\/\/cedkqn.med.uni-giessen.de\/#organization","name":"CEDKQN","url":"https:\/\/cedkqn.med.uni-giessen.de\/","logo":{"@type":"ImageObject","inLanguage":"de","@id":"https:\/\/cedkqn.med.uni-giessen.de\/#\/schema\/logo\/image\/","url":"https:\/\/cedkqn.med.uni-giessen.de\/wp-content\/uploads\/2020\/08\/Logo-01-v02-Transp.png","contentUrl":"https:\/\/cedkqn.med.uni-giessen.de\/wp-content\/uploads\/2020\/08\/Logo-01-v02-Transp.png","width":2000,"height":2000,"caption":"CEDKQN"},"image":{"@id":"https:\/\/cedkqn.med.uni-giessen.de\/#\/schema\/logo\/image\/"}}]}},"_links":{"self":[{"href":"https:\/\/cedkqn.med.uni-giessen.de\/index.php\/wp-json\/wp\/v2\/pages\/37","targetHints":{"allow":["GET"]}}],"collection":[{"href":"https:\/\/cedkqn.med.uni-giessen.de\/index.php\/wp-json\/wp\/v2\/pages"}],"about":[{"href":"https:\/\/cedkqn.med.uni-giessen.de\/index.php\/wp-json\/wp\/v2\/types\/page"}],"author":[{"embeddable":true,"href":"https:\/\/cedkqn.med.uni-giessen.de\/index.php\/wp-json\/wp\/v2\/users\/2"}],"replies":[{"embeddable":true,"href":"https:\/\/cedkqn.med.uni-giessen.de\/index.php\/wp-json\/wp\/v2\/comments?post=37"}],"version-history":[{"count":45,"href":"https:\/\/cedkqn.med.uni-giessen.de\/index.php\/wp-json\/wp\/v2\/pages\/37\/revisions"}],"predecessor-version":[{"id":3525,"href":"https:\/\/cedkqn.med.uni-giessen.de\/index.php\/wp-json\/wp\/v2\/pages\/37\/revisions\/3525"}],"wp:attachment":[{"href":"https:\/\/cedkqn.med.uni-giessen.de\/index.php\/wp-json\/wp\/v2\/media?parent=37"}],"curies":[{"name":"wp","href":"https:\/\/api.w.org\/{rel}","templated":true}]}}