{"id":41,"date":"2020-08-24T10:25:05","date_gmt":"2020-08-24T08:25:05","guid":{"rendered":"http:\/\/cedkqn.med.uni-giessen.de\/?page_id=41"},"modified":"2022-05-27T14:49:30","modified_gmt":"2022-05-27T12:49:30","slug":"stationen-des-projekts","status":"publish","type":"page","link":"https:\/\/cedkqn.med.uni-giessen.de\/index.php\/stationen-des-projekts\/","title":{"rendered":"Stationen des Projekts"},"content":{"rendered":"\n<h1>\n\t\tStationen des Projekts\n\t<\/h1>\n\t\t\t<a href=\"#2022\" target=\"_self\" role=\"button\" rel=\"noopener\">\n\t\t\t\t\t\t2022\n\t\t\t\t\t<\/a>\n\t\t\t<a href=\"#2021\" target=\"_self\" role=\"button\" rel=\"noopener\">\n\t\t\t\t\t\t2021\n\t\t\t\t\t<\/a>\n\t\t\t<a href=\"#2020\" target=\"_self\" role=\"button\" rel=\"noopener\">\n\t\t\t\t\t\t2020\n\t\t\t\t\t<\/a>\n\t\t\t<a href=\"#2019\" target=\"_self\" role=\"button\" rel=\"noopener\">\n\t\t\t\t\t\t2019\n\t\t\t\t\t<\/a>\n\t\t\t<a href=\"#2018\" target=\"_self\" role=\"button\" rel=\"noopener\">\n\t\t\t\t\t\t2018\n\t\t\t\t\t<\/a>\n\t\t\t<a href=\"#2017\" target=\"_self\" role=\"button\" rel=\"noopener\">\n\t\t\t\t\t\t2017\n\t\t\t\t\t<\/a>\n<h2>\n\t\t2022\n\t<\/h2>\n<h6>\n\t\tJuni\n\t<\/h6>\n\t<ul>\n<li>Ende Projekt CED-KQN<\/li>\n<\/ul>\n<h6>\n\t\tMAI\n\t<\/h6>\n\t<ul>\n<li><em>CLARA-Studie <\/em>l Newsletter #CLARtext 2\/2022<br \/>\n<\/li>\n<li><i>Patient Empowerment<\/i> l CEDMO-App erlangt \u00fcber 200 Downloads<\/li>\n<li><em>CLARA-Studie<\/em> l Datenerhebung der Interventions- und Kontrollgruppe wird abgeschlossen<\/li>\n<\/ul>\n<h6>\n\t\tAPRIL\n\t<\/h6>\n\t<ul>\n<li><i>Patient Empowerment<\/i> l CEDNA-Umfrage wird abgeschlossen<br \/>\n<\/li>\n<li><em>CLARA-Studie<\/em> l Letztes Pr\u00fcfer-Meeting findet statt<\/li>\n<li><i>CLARA-Studie<\/i> l Umfrage zur Arbeit mit dem CEDATA-Register<\/li>\n<li><i>Patient Empowerment<\/i> l EDNA-Umfrage erreicht eine Beteiligung von 1.000 Patienten<\/li>\n<\/ul>\n<h6>\n\t\tM\u00e4rz\n\t<\/h6>\n\t<ul>\n<li><em>CLARA-Studie l\u00a0<\/em>Ende Follow-Up<br \/>\n<\/li>\n<li><em>CLARA-Studie<\/em> l Letztes Investigator Meeting findet online statt<\/li>\n<li><em>CED-Transitionsstudie<\/em> l Auswertung der Studiendaten<\/li>\n<\/ul>\n<h6>\n\t\tFebruar\n\t<\/h6>\n\t<ul>\n<li><em>Verstetigung<\/em> l Einreichung des Manuskripts zu ph\u00e4notypischen Sonderformen der CED bei Kindern und Jugendlichen<br \/>\n<\/li>\n<li><em>Verstetigung <\/em>l Einreichung des Manuskripts zu Einflussfaktoren der diagnostischen Latenz der CED bei Kindern und Jugendlichen\u00a0<\/li>\n<li><em>Verstetigung<\/em> l Einreichung des Manuskripts zum Einsatz von Biologika bei CED bei Kindern und Jugendlichen<\/li>\n<li><em>Patient Empowerment<\/em> l CEDMO App Poster und Postkarten werden in Kliniken u. Praxen verteilt<\/li>\n<li><em>CLARA-Studie<\/em> | Newsletter #CLARtext 1\/2022<\/li>\n<li><em>CED-Transitionsstudie<\/em> l Ende der Rekrutierung von StudienteilnehmerInnen (n=106)<\/li>\n<\/ul>\n<h6>\n\t\tJanuar\n\t<\/h6>\n\t<ul>\n<li><em>Patient Empowerment<\/em> l CEDNA-Umfrage erreicht eine Beteiligung von \u00fcber 500 Patienten<\/li>\n<\/ul>\n<h2>\n\t\t2021\n\t<\/h2>\n<h6>\n\t\tDezember\n\t<\/h6>\n\t<ul>\n<li><em>Patient Empowerment<\/em> l CEDMO App geht live<\/li>\n<li><em>CED-Transitionsstudie<\/em> l Nachfassen bei R\u00fccksendung der Studienunterlagen, Datenerhebungsb\u00f6gen und IBDQ-D-Frageb\u00f6gen<\/li>\n<\/ul>\n<h6>\n\t\tNovember\n\t<\/h6>\n\t<ul>\n<li><em>Patient Empowerment<\/em> l CEDMO-Blog startet<br \/>\n<\/li>\n<li><em>Patient Empowerment <\/em>l CEDNA-Umfrage erreicht eine Beteiligung von 300 Patienten<\/li>\n<li><em>CLARA-Studie<\/em> | Newsletter #CLARtext 4\/2021<\/li>\n<\/ul>\n<h6>\n\t\tOktober\n\t<\/h6>\n\t<ul>\n<li><em>Verstetigung<\/em> l Pr\u00e4sentation und Diskussion des Projekts im Rahmen der Jahrestagung der deutschen Gesellschaft f\u00fcr Kinder und Jugendmedizin Berlin<br \/>\n<\/li>\n<li><em>Patient Empowerment<\/em> l CEDNA Umfrage startet gemeinsam mit Kooperationspartner DCCV e.V.<\/li>\n<li><em>CED-Transitionsstudie<\/em> l Versand des Fragebogens zur Lebensqualit\u00e4t (IBDQ-D) an Studienteilnehmer\/Innen<\/li>\n<\/ul>\n<h6>\n\t\tSeptember\n\t<\/h6>\n\t<ul>\n<li><em>CLARA-Studie<\/em> l Vorletztes CLARA Investigator Meeting findet statt<\/li>\n<li><em>CED-Transitionsstudie<\/em> l Versand der Datenerhebungsb\u00f6gen<br \/>\nPGEL (p\u00e4diatrische Gastroenterologen) \/ EGEL (Erwachsenengastroenterologen) an \u00c4rztInnen<\/li>\n<li><em>Verstetigung<\/em> l Pr\u00e4sentation und Diskussion des Projekts im Rahmen der Jahrestagung der Gesellschaft f\u00fcr medizinische Informatik, Biometrie und Epidemiologie<\/li>\n<\/ul>\n<h6>\n\t\tAugust\n\t<\/h6>\n\t<ul>\n<li><em>Patient Empowerment<\/em> l Testing der CEDMO App bei \u00c4rzten und Kindern | Erstellung von automatischen Pr\u00fcfungen und Exporten von Dokumentationsb\u00f6gen und Patienten im Register. Diese erm\u00f6glichen ein einfaches Einsch\u00e4tzen von Informationsdichte und Qualit\u00e4t und geben Meldern Hilfestellung bei der Steigerung der Bewertungskriterien<\/li>\n<li><em>CLARA-Studie<\/em> | Newsletter #CLARtext 3\/2021<\/li>\n<li><em>CED-Transitionsstudie<\/em> l Erarbeitung Datenerhebungsb\u00f6gen PGEL\/EGEL<\/li>\n<\/ul>\n<h6>\n\t\tJuli\n\t<\/h6>\n\t<ul>\n<li><em>Analyse von retrospektiven Registerdaten und des WIdO<\/em> l Ergebnisse des Arbeitspakets Identifikation von Versorgungsdefiziten liegen vor<\/li>\n<\/ul>\n<h6>\n\t\tJuni\n\t<\/h6>\n\t<ul>\n<li><em>Patient Empowerment<\/em> l Vorbereitungen zur Umfrage CEDNA (Bedarfsanalyse f\u00fcr Kinder und Jugendliche mit CED) laufen<\/li>\n<\/ul>\n<h6>\n\t\tMai\n\t<\/h6>\n\t<ul>\n<li><em>CLARA-Studie<\/em> l Datenerhebung der Kontrollgruppe startet<\/li>\n<li><em>Verstetigung<\/em> l\u00a0 Pr\u00e4sentation und Diskussion Datenhaltung und Machine learning classification of pIBD auf World Congress Pediatric Gastroenterology, Hepatology and Nutrition Vienna 21<\/li>\n<li><em>Verstetigung<\/em> l Pr\u00e4sentation und Diskussion Datenqualit\u00e4tsverbesserung und Registerforschung im Kontext pIBD auf World Congress Pediatric Gastroenterology, Hepatology and Nutrition Vienna 21<\/li>\n<li><em>Verstetigung<\/em> l Vortrag \/ Poster Improving care for pediatric patients with inflammatory bowel disease &#8211; a cluster randomized trial (CLARA study) World Congress Pediatric Gastroenterology, Hepatology and Nutrition Vienna 21<\/li>\n<li><em>CLARA-Studie<\/em> | Newsletter #CLARtext 2\/2021<\/li>\n<\/ul>\n<h6>\n\t\tApril\n\t<\/h6>\n\t<ul>\n<li><em>CLARA-Studie<\/em> l Investigator Meeting findet statt<\/li>\n<li><em>Verstetigung<\/em> l 74% der an der CLARA-Studie beteiligten Zentren konnten f\u00fcr die Weitermeldung im CEDATA-GPGE Register gewonnen werden<\/li>\n<li><em>Patient Empowerment<\/em> l Studienbeschreibung der Befragung CEDNA im Bauchredner 4\/21<\/li>\n<\/ul>\n<h6>\n\t\tM\u00e4rz\n\t<\/h6>\n\t<ul>\n<li><em>CLARA-Studie<\/em> l Ende Einschluss von Patienten in die Studie &#8211; die geplante Fallzahl wird erreicht<\/li>\n<li><em>CED-Transitionsstudie<\/em> l Beginn Rekrutierung StudienteilnehmerInnen durch Versand der Studienunterlagen \u00fcber BTP in Berlin<\/li>\n<\/ul>\n<h6>\n\t\tFebruar\n\t<\/h6>\n\t<ul>\n<li><em>CLARA-Studie <\/em>l 47 Zentren nehmen teil<\/li>\n<li><em>CLARA-Studie<\/em> | Newsletter #CLARtext 1\/2021<\/li>\n<\/ul>\n<h2>\n\t\t2020\n\t<\/h2>\n<h6>\n\t\tDezember\n\t<\/h6>\n\t<ul>\n<li><em>CLARA-Studie<\/em> l 39 Zentren nehmen teil<\/li>\n<\/ul>\n<h6>\n\t\tNovember\n\t<\/h6>\n\t<ul>\n<li><em>Verstetigung<\/em> l F\u00fcr den Verein FoKi erfolgt der Eintrag ins Vereinsregister<\/li>\n<li><em>CLARA-Studie<\/em> | Newsletter #CLARtext 3\/2020<\/li>\n<li><em>CED-Transitionsstudie<\/em> l\u00a0 Positives Ethikvotum<\/li>\n<li><em>Patientenempowerment<\/em> l Positives Ethikvotum<\/li>\n<\/ul>\n<h6>\n\t\tOktober\n\t<\/h6>\n\t<ul>\n<li><em>CLARA-Studie<\/em> l Investigator Meeting findet statt<\/li>\n<li><em>Verstetigung<\/em> l Gastbesuch und wissenschaftlicher Austausch Frau Prof Hauer, ESPGHAN Council<\/li>\n<\/ul>\n<h6>\n\t\tSeptember\n\t<\/h6>\n\t<ul>\n<li><em>CLARA-Studie<\/em> l 26 Meldezentren nehmen teil<\/li>\n<\/ul>\n<h6>\n\t\tAugust\n\t<\/h6>\n\t<ul>\n<li><em>Verstetigung<\/em> l Vorbereitungen f\u00fcr die Vereinsgr\u00fcndung von FoKi (F\u00f6rderung von Forschung und Wissenschaft der Erkrankung CED bei Kindern- und Jugendlichen) laufen<\/li>\n<\/ul>\n<h6>\n\t\tJuli\n\t<\/h6>\n\t<ul>\n<li><em>CLARA-Studie<\/em> l Weitere Rekrutierung von teilnehmenden Zentren\u00a0<\/li>\n<\/ul>\n<h6>\n\t\tJuni\n\t<\/h6>\n\t<ul>\n<li><em>Verstetigung<\/em> l Ende Testung und Iterierung Machine Learning unsupervised<\/li>\n<\/ul>\n<h6>\n\t\tMai\n\t<\/h6>\n\t<ul>\n<li><em>Patient Empowerment<\/em> l Erster Prototyp der CEDMO App ist programmiert<\/li>\n<li><em>CLARA-Studie<\/em> | Newsletter #CLARtext 2\/2020<\/li>\n<li><em>Verstetigung<\/em> l \u00d6GKJ Jahrestagung 2020 l Pr\u00e4sentation Klassifikation von CED bei Kindern anhand der Lokalisation durch Methoden des maschinellen Lernens\u00a0 sowie Vortrag zur Datenhaltung und Registerforschung im Rahmen des Projekts<\/li>\n<\/ul>\n<h6>\n\t\tApril\n\t<\/h6>\n\t<ul>\n<li><em>Projekt<\/em> l Laufzeitverl\u00e4ngerung bis 30.06.2022 wurde bewilligt<\/li>\n<\/ul>\n<h6>\n\t\tM\u00e4rz\n\t<\/h6>\n\t<ul>\n<li><em>Register<\/em> l Ende Testung und Iterierung Machine Learning supervised<\/li>\n<li><em>CLARA-Studie<\/em> | Einschr\u00e4nkungen durch COVID-19 beginnen<\/li>\n<li><em>Patient Empowerment und Transition<\/em> l Einreichung Ethikantrag f\u00fcr CED-Transitonsstudie und Patient Empowerment-Bedarfsanalyse<\/li>\n<\/ul>\n<h2>\n\t\t2019\n\t<\/h2>\n<h6>\n\t\tDezember\n\t<\/h6>\n\t<ul>\n<li><em>Register<\/em> l Ende Testung und Iterierung pr\u00e4diktiver Modelle anhand bestehender Daten<\/li>\n<li><em>CEDATA-Register<\/em> | 09.12.2019 bis 06.03.2020 Ausfall des Registers aufgrund IT-Sicherheitsvorfall<\/li>\n<\/ul>\n<h6>\n\t\tNovember\n\t<\/h6>\n\t<ul>\n<li>Antrag auf Laufzeitverl\u00e4ngerung um ein weiteres Jahr<\/li>\n<li><em>CLARA-Studie<\/em> l Investigator Meeting<\/li>\n<li><em>CLARA-Studie<\/em> l Pr\u00e4sentation CLARA-Studie und Projekt sowie Diskussion im Rahmen der AG Sitzung CEDATA-GPGE beim Heiner Brunner Seminar<\/li>\n<\/ul>\n<h6>\n\t\tOktober\n\t<\/h6>\n\t<ul>\n<li><em>Verstetigung<\/em> l Pr\u00e4sentation des Projekts und fachliche Diskussion im Rahmen der Viszeralmedizin \/ DGVS Jahrestagung 2019 in Wiesbaden<\/li>\n<\/ul>\n<h6>\n\t\tSeptember\n\t<\/h6>\n\t<ul>\n<li><em>Verstetigung<\/em> l DGKJ Jahrestagung Pr\u00e4sentation der Studie sowie technischer Aspekte CED-KQN &#8211; Verbesserung der Versorgung f\u00fcr Kinder und Jugendliche mit chronisch entz\u00fcndlichen Darmerkrankungen CED-KQN &#8211; medizinische Bedeutung und Versorgung M\u00fcnchen Sept | Abschluss der automatischen Dokumentenerstellung f\u00fcr Patienten\u00fcbersichten | Abschluss Testen der neuen Sicherheitsmechanismen<\/li>\n<\/ul>\n<h6>\n\t\tAugust\n\t<\/h6>\n\t<ul>\n<li>Analyse und Optimierung der Sicherheitsmechanismen bei Kommunikation mit dem Register und den damit verbundenen Datenzugriffen<\/li>\n<\/ul>\n<h6>\n\t\tJuli\n\t<\/h6>\n\t<ul>\n<li>Einbindung pr\u00e4dikativer Modelle in die CEDATA-GPGE-Register Architektur | Evaluation der Datenformate beim Informationsaustausch<\/li>\n<\/ul>\n<h6>\n\t\tJuni\n\t<\/h6>\n\t<ul>\n<li><em>CLARA-Studie<\/em> l Investigator Meeting<\/li>\n<\/ul>\n<h6>\n\t\tJuni 2019 &#8211; Februar 2020\n\t<\/h6>\n\t<ul>\n<li><em>CLARA-Studie<\/em> l Pr\u00e4sentation und Diskussion Clara Studie on tour, u.a. in Jena, Schwerin, Suhl.<\/li>\n<li><em>Verstetigung<\/em> l Mondseer Gespr\u00e4che &#8211; Vortrag CEDATA-GPGE und CED-KQN Projekt und Diskussion<\/li>\n<\/ul>\n<h6>\n\t\tMai\n\t<\/h6>\n\t<ul>\n<li><em>Verstetigung<\/em> l Pr\u00e4sentation und Diskussion Geschlechtsspezifische Unterschiede in Ph\u00e4notyp, Behandlung und Ansprechen bei Kindern und Jugendlichen mit CED ESPGHAN Annual Meeting Glasgow<\/li>\n<li><em>Patient Empowermen<\/em>t l<b>\u00a0<\/b> Ansprache von Eltern im Hinblick auf Mitwirkung im Projekt CED-KQN<\/li>\n<\/ul>\n<h6>\n\t\tApril\n\t<\/h6>\n\t<ul>\n<li><em>Verstetigung<\/em> l Artikel im Bauchredner (DCCV Zeitschrift) zum Thema CED im Kindes- und Jugendalter- Diagnostik bei Kindern und Jugendlichen mit Va CED<\/li>\n<\/ul>\n<h6>\n\t\tM\u00e4rz\n\t<\/h6>\n\t<ul>\n<li><em>CLARA-Studie<\/em> | Start der Studie<\/li>\n<li>Einrichten und Testen von Zugriffschemata f\u00fcr die Dokumentationen, Wartungspl\u00e4nen zur Softwareinstandhaltung und regelm\u00e4\u00dfigen automatischen Dateisicherung<\/li>\n<\/ul>\n<h6>\n\t\tFebruar\n\t<\/h6>\n\t<ul>\n<li>Einbindung von Plausibilit\u00e4tspr\u00fcfungen in das CEDATA-GPGE-Register, diese geben in Echtzeit w\u00e4hrend des Eintragens der Informationen Feedback, Warnung und mutma\u00dfliche Fehler an.<\/li>\n<\/ul>\n<h6>\n\t\tJANUAR\n\t<\/h6>\n\t<ul>\n<li><em>Verstetigung<\/em> l F\u00f6rderkreistreffen &#8211; Vortrag zur Digitalisierung in der klinischen Praxis<\/li>\n<\/ul>\n<h2>\n\t\t2018\n\t<\/h2>\n<h6>\n\t\tDezember\n\t<\/h6>\n\t<ul>\n<li><em>CLARA-Studie<\/em> l Vertr\u00e4ge mit Meldezentren | Planung und Erstellung der eines Entwicklungskonzepts zu Projektbeginn<\/li>\n<\/ul>\n<h6>\n\t\tNovember\n\t<\/h6>\n\t<ul>\n<li><em>CLARA-Studie<\/em> l Investigator Meeting<\/li>\n<\/ul>\n<h6>\n\t\tOktober\n\t<\/h6>\n\t<ul>\n<li><em>CLARA-Studie<\/em> l Beginn der Akquise von Meldezentren<\/li>\n<li><em>Verstetigung<\/em> l Vortrag zu Chancen der Digitalisierung f\u00fcr Kinder und Jugendliche mit CED<\/li>\n<\/ul>\n<h6>\n\t\tSeptember\n\t<\/h6>\n\t<ul>\n<li><em>Projekt<\/em> l Projektstart &#8211; F\u00f6rderbeginn<\/li>\n<li><em>Projekt<\/em> l Abschluss der Kooperationsvereinbarungen<\/li>\n<\/ul>\n<h6>\n\t\tAugust\n\t<\/h6>\n\t<ul>\n<li><em>Projekt<\/em> l F\u00f6rderbescheid wird wirksam, alle Bedingungen konnten erf\u00fcllt werden l F\u00f6rderzeitraum wird unter Vorbehalt der Ausgabenneutralit\u00e4t ge\u00e4ndert auf <strong>1. Juli 2018 bis 30. Juni 2021<\/strong><\/li>\n<li><em>CLARA-Studie<\/em> l Fertigstellung der Definition guter Datensatz<\/li>\n<\/ul>\n<h6>\n\t\tJuli\n\t<\/h6>\n\t<ul>\n<li><em>Projekt<\/em> l Start Projekt CED-KQN<\/li>\n<li><em>Projekt<\/em> l Kick-Off Meeting des Projektes CED-KQN mit allen Beteiligten<\/li>\n<\/ul>\n<h6>\n\t\tJuni\n\t<\/h6>\n\t<ul>\n<li><em>Projekt<\/em> l Vortrag TMF Plattform Berlin &#8211; Verbesserung der Versorgung durch Digitalisierung in der P\u00e4diatrie &#8211; Entwicklung und Herausforderung anhand eines Patientenregisters<\/li>\n<\/ul>\n<h6>\n\t\tMai\n\t<\/h6>\n\t<ul>\n<li><em>Projekt<\/em> l Antrag auf Verschiebung des F\u00f6rderbeginns vom 01.04.2018 auf 01.07.2018\u00a0mit F\u00f6rderzeitraum vom 01.07.2018 bis 30.06.2021<\/li>\n<\/ul>\n<h6>\n\t\tApril\n\t<\/h6>\n\t<ul>\n<li><em>Projekt<\/em> l AG Treffen GPGE JT &#8211; Investigator Meeting<\/li>\n<li><em>Projekt<\/em> l Akquisetreffen Freiburg Jahrestagung GPGE<\/li>\n<li><em>Projekt<\/em> l Einreichung Ethik Gie\u00dfen sowie teilnehmende Zentren<\/li>\n<li><em>Projekt<\/em> l Kick-Off Meeting Gie\u00dfen<\/li>\n<\/ul>\n<h6>\n\t\tM\u00e4rz\n\t<\/h6>\n\t<ul>\n<li><em>Projekt<\/em> l Identifikation und Erschlie\u00dfung relevanter Datenquellen (GKV, Patientenverband etc.), Identifikation und Projektierung Pilot, Schnittstellenentwicklung<\/li>\n<\/ul>\n<h6>\n\t\tFebruar\n\t<\/h6>\n\t<ul>\n<li><em>Projekt<\/em> l Bearbeitung und Einreichung der Erf\u00fcllung der Auflagen<\/li>\n<\/ul>\n<h6>\n\t\tJANUAR\n\t<\/h6>\n\t<ul>\n<li><em>Projekt<\/em> l CED-KQN wird unter Auflagen \/ Bedingungen zur Wirksamkeit der F\u00f6rderung genehmigt. Auflagenerf\u00fcllung bis 28.02.2018<\/li>\n<li><em>Projekt<\/em> l Diskussion der Projektinhalte und Timeline sowie inhaltliche Pr\u00e4sentation CED-KQN im Rahmen der AG Sitzung<\/li>\n<\/ul>\n<h2>\n\t\t2017\n\t<\/h2>\n<h6>\n\t\tDezember\n\t<\/h6>\n\t<ul>\n<li><em>Projekt<\/em> l Bearbeitung der Auflagen und erneute Einreichung<\/li>\n<li><em>Projekt<\/em> l Treffen CED-KQN GPGE Berlin 2017 Dezember<\/li>\n<\/ul>\n<h6>\n\t\tNovember\n\t<\/h6>\n\t<ul>\n<li><em>Projekt<\/em> l Antrag wird unter Auflagen zur F\u00f6rderung ausgew\u00e4hlt<\/li>\n<\/ul>\n<h6>\n\t\tOktober &#8211; JULI\n\t<\/h6>\n\t<ul>\n<li><em>Projekt<\/em> l Konkrete Projektskizze, Kalkulation und Meilensteinplan; Treffen mit den einzelnen Konsortialpartnern<\/li>\n<\/ul>\n<h6>\n\t\tJuni\n\t<\/h6>\n\t<ul>\n<li><em>Projekt<\/em> l Versand der Originalunterlagen f\u00fcr den Projektantrag an DLR<\/li>\n<\/ul>\n<h6>\n\t\tMai\n\t<\/h6>\n\t<ul>\n<li><em>Projekt<\/em> l Einreichung des finalen Projektantrages bei DLR<\/li>\n<\/ul>\n<h6>\n\t\tApril &#8211; Februar\n\t<\/h6>\n\t<ul>\n<li><em>Projekt<\/em> l Konkrete Projektskizze, Kalkulation und Meilensteinplan; Treffen mit einzelnen Konsortialpartnern<\/li>\n<\/ul>\n<h6>\n\t\tJANUAR\n\t<\/h6>\n\t<ul>\n<li><em>Projekt<\/em> l Erste Vorgespr\u00e4che und Skizzierungen zur Einreichung des Projektes CED-KQN mit\u00a0potentiellen Konsortial- und Kooperationspartnern<\/li>\n<\/ul>\n\n","protected":false},"excerpt":{"rendered":"<p>Stationen des Projekts 2022 2021 2020 2019 2018 2017 2022 Juni Ende Projekt CED-KQN MAI CLARA-Studie l Newsletter #CLARtext 2\/2022 Patient Empowerment l CEDMO-App erlangt \u00fcber 200 Downloads CLARA-Studie l Datenerhebung der Interventions- und Kontrollgruppe wird abgeschlossen APRIL Patient Empowerment l CEDNA-Umfrage wird abgeschlossen CLARA-Studie l Letztes Pr\u00fcfer-Meeting findet statt CLARA-Studie l Umfrage zur Arbeit &hellip;<\/p>\n<p class=\"read-more\"> <a class=\"\" href=\"https:\/\/cedkqn.med.uni-giessen.de\/index.php\/stationen-des-projekts\/\"> <span class=\"screen-reader-text\">Stationen des Projekts<\/span> Weiterlesen &raquo;<\/a><\/p>\n","protected":false},"author":2,"featured_media":0,"parent":0,"menu_order":0,"comment_status":"closed","ping_status":"closed","template":"","meta":{"site-sidebar-layout":"default","site-content-layout":"default","ast-global-header-display":"","ast-main-header-display":"","ast-hfb-above-header-display":"","ast-hfb-below-header-display":"","ast-hfb-mobile-header-display":"","site-post-title":"disabled","ast-breadcrumbs-content":"","ast-featured-img":"","footer-sml-layout":"","theme-transparent-header-meta":"","adv-header-id-meta":"","stick-header-meta":"","header-above-stick-meta":"","header-main-stick-meta":"","header-below-stick-meta":"","footnotes":""},"class_list":["post-41","page","type-page","status-publish","hentry"],"yoast_head":"<!-- This site is optimized with the Yoast SEO plugin v27.3 - https:\/\/yoast.com\/product\/yoast-seo-wordpress\/ -->\n<title>Stationen des Projekts - CEDKQN<\/title>\n<meta name=\"robots\" content=\"index, follow, max-snippet:-1, max-image-preview:large, max-video-preview:-1\" \/>\n<link rel=\"canonical\" href=\"https:\/\/cedkqn.med.uni-giessen.de\/index.php\/stationen-des-projekts\/\" \/>\n<meta property=\"og:locale\" content=\"de_DE\" \/>\n<meta property=\"og:type\" content=\"article\" \/>\n<meta property=\"og:title\" content=\"Stationen des Projekts - CEDKQN\" \/>\n<meta property=\"og:description\" content=\"Stationen des Projekts 2022 2021 2020 2019 2018 2017 2022 Juni Ende Projekt CED-KQN MAI CLARA-Studie l Newsletter #CLARtext 2\/2022 Patient Empowerment l CEDMO-App erlangt \u00fcber 200 Downloads CLARA-Studie l Datenerhebung der Interventions- und Kontrollgruppe wird abgeschlossen APRIL Patient Empowerment l CEDNA-Umfrage wird abgeschlossen CLARA-Studie l Letztes Pr\u00fcfer-Meeting findet statt CLARA-Studie l Umfrage zur Arbeit &hellip; Stationen des Projekts Weiterlesen &raquo;\" \/>\n<meta property=\"og:url\" content=\"https:\/\/cedkqn.med.uni-giessen.de\/index.php\/stationen-des-projekts\/\" \/>\n<meta property=\"og:site_name\" content=\"CEDKQN\" \/>\n<meta property=\"article:modified_time\" content=\"2022-05-27T12:49:30+00:00\" \/>\n<meta name=\"twitter:card\" content=\"summary_large_image\" \/>\n<meta name=\"twitter:label1\" content=\"Gesch\u00e4tzte Lesezeit\" \/>\n\t<meta name=\"twitter:data1\" content=\"8\u00a0Minuten\" \/>\n<script type=\"application\/ld+json\" class=\"yoast-schema-graph\">{\"@context\":\"https:\\\/\\\/schema.org\",\"@graph\":[{\"@type\":\"WebPage\",\"@id\":\"https:\\\/\\\/cedkqn.med.uni-giessen.de\\\/index.php\\\/stationen-des-projekts\\\/\",\"url\":\"https:\\\/\\\/cedkqn.med.uni-giessen.de\\\/index.php\\\/stationen-des-projekts\\\/\",\"name\":\"Stationen des Projekts - CEDKQN\",\"isPartOf\":{\"@id\":\"https:\\\/\\\/cedkqn.med.uni-giessen.de\\\/#website\"},\"datePublished\":\"2020-08-24T08:25:05+00:00\",\"dateModified\":\"2022-05-27T12:49:30+00:00\",\"breadcrumb\":{\"@id\":\"https:\\\/\\\/cedkqn.med.uni-giessen.de\\\/index.php\\\/stationen-des-projekts\\\/#breadcrumb\"},\"inLanguage\":\"de\",\"potentialAction\":[{\"@type\":\"ReadAction\",\"target\":[\"https:\\\/\\\/cedkqn.med.uni-giessen.de\\\/index.php\\\/stationen-des-projekts\\\/\"]}]},{\"@type\":\"BreadcrumbList\",\"@id\":\"https:\\\/\\\/cedkqn.med.uni-giessen.de\\\/index.php\\\/stationen-des-projekts\\\/#breadcrumb\",\"itemListElement\":[{\"@type\":\"ListItem\",\"position\":1,\"name\":\"Startseite\",\"item\":\"https:\\\/\\\/cedkqn.med.uni-giessen.de\\\/\"},{\"@type\":\"ListItem\",\"position\":2,\"name\":\"Stationen des Projekts\"}]},{\"@type\":\"WebSite\",\"@id\":\"https:\\\/\\\/cedkqn.med.uni-giessen.de\\\/#website\",\"url\":\"https:\\\/\\\/cedkqn.med.uni-giessen.de\\\/\",\"name\":\"CEDKQN\",\"description\":\"Eine weitere WordPress-Website\",\"publisher\":{\"@id\":\"https:\\\/\\\/cedkqn.med.uni-giessen.de\\\/#organization\"},\"potentialAction\":[{\"@type\":\"SearchAction\",\"target\":{\"@type\":\"EntryPoint\",\"urlTemplate\":\"https:\\\/\\\/cedkqn.med.uni-giessen.de\\\/?s={search_term_string}\"},\"query-input\":{\"@type\":\"PropertyValueSpecification\",\"valueRequired\":true,\"valueName\":\"search_term_string\"}}],\"inLanguage\":\"de\"},{\"@type\":\"Organization\",\"@id\":\"https:\\\/\\\/cedkqn.med.uni-giessen.de\\\/#organization\",\"name\":\"CEDKQN\",\"url\":\"https:\\\/\\\/cedkqn.med.uni-giessen.de\\\/\",\"logo\":{\"@type\":\"ImageObject\",\"inLanguage\":\"de\",\"@id\":\"https:\\\/\\\/cedkqn.med.uni-giessen.de\\\/#\\\/schema\\\/logo\\\/image\\\/\",\"url\":\"https:\\\/\\\/cedkqn.med.uni-giessen.de\\\/wp-content\\\/uploads\\\/2020\\\/08\\\/Logo-01-v02-Transp.png\",\"contentUrl\":\"https:\\\/\\\/cedkqn.med.uni-giessen.de\\\/wp-content\\\/uploads\\\/2020\\\/08\\\/Logo-01-v02-Transp.png\",\"width\":2000,\"height\":2000,\"caption\":\"CEDKQN\"},\"image\":{\"@id\":\"https:\\\/\\\/cedkqn.med.uni-giessen.de\\\/#\\\/schema\\\/logo\\\/image\\\/\"}}]}<\/script>\n<!-- \/ Yoast SEO plugin. -->","yoast_head_json":{"title":"Stationen des Projekts - CEDKQN","robots":{"index":"index","follow":"follow","max-snippet":"max-snippet:-1","max-image-preview":"max-image-preview:large","max-video-preview":"max-video-preview:-1"},"canonical":"https:\/\/cedkqn.med.uni-giessen.de\/index.php\/stationen-des-projekts\/","og_locale":"de_DE","og_type":"article","og_title":"Stationen des Projekts - CEDKQN","og_description":"Stationen des Projekts 2022 2021 2020 2019 2018 2017 2022 Juni Ende Projekt CED-KQN MAI CLARA-Studie l Newsletter #CLARtext 2\/2022 Patient Empowerment l CEDMO-App erlangt \u00fcber 200 Downloads CLARA-Studie l Datenerhebung der Interventions- und Kontrollgruppe wird abgeschlossen APRIL Patient Empowerment l CEDNA-Umfrage wird abgeschlossen CLARA-Studie l Letztes Pr\u00fcfer-Meeting findet statt CLARA-Studie l Umfrage zur Arbeit &hellip; Stationen des Projekts Weiterlesen &raquo;","og_url":"https:\/\/cedkqn.med.uni-giessen.de\/index.php\/stationen-des-projekts\/","og_site_name":"CEDKQN","article_modified_time":"2022-05-27T12:49:30+00:00","twitter_card":"summary_large_image","twitter_misc":{"Gesch\u00e4tzte Lesezeit":"8\u00a0Minuten"},"schema":{"@context":"https:\/\/schema.org","@graph":[{"@type":"WebPage","@id":"https:\/\/cedkqn.med.uni-giessen.de\/index.php\/stationen-des-projekts\/","url":"https:\/\/cedkqn.med.uni-giessen.de\/index.php\/stationen-des-projekts\/","name":"Stationen des Projekts - CEDKQN","isPartOf":{"@id":"https:\/\/cedkqn.med.uni-giessen.de\/#website"},"datePublished":"2020-08-24T08:25:05+00:00","dateModified":"2022-05-27T12:49:30+00:00","breadcrumb":{"@id":"https:\/\/cedkqn.med.uni-giessen.de\/index.php\/stationen-des-projekts\/#breadcrumb"},"inLanguage":"de","potentialAction":[{"@type":"ReadAction","target":["https:\/\/cedkqn.med.uni-giessen.de\/index.php\/stationen-des-projekts\/"]}]},{"@type":"BreadcrumbList","@id":"https:\/\/cedkqn.med.uni-giessen.de\/index.php\/stationen-des-projekts\/#breadcrumb","itemListElement":[{"@type":"ListItem","position":1,"name":"Startseite","item":"https:\/\/cedkqn.med.uni-giessen.de\/"},{"@type":"ListItem","position":2,"name":"Stationen des Projekts"}]},{"@type":"WebSite","@id":"https:\/\/cedkqn.med.uni-giessen.de\/#website","url":"https:\/\/cedkqn.med.uni-giessen.de\/","name":"CEDKQN","description":"Eine weitere WordPress-Website","publisher":{"@id":"https:\/\/cedkqn.med.uni-giessen.de\/#organization"},"potentialAction":[{"@type":"SearchAction","target":{"@type":"EntryPoint","urlTemplate":"https:\/\/cedkqn.med.uni-giessen.de\/?s={search_term_string}"},"query-input":{"@type":"PropertyValueSpecification","valueRequired":true,"valueName":"search_term_string"}}],"inLanguage":"de"},{"@type":"Organization","@id":"https:\/\/cedkqn.med.uni-giessen.de\/#organization","name":"CEDKQN","url":"https:\/\/cedkqn.med.uni-giessen.de\/","logo":{"@type":"ImageObject","inLanguage":"de","@id":"https:\/\/cedkqn.med.uni-giessen.de\/#\/schema\/logo\/image\/","url":"https:\/\/cedkqn.med.uni-giessen.de\/wp-content\/uploads\/2020\/08\/Logo-01-v02-Transp.png","contentUrl":"https:\/\/cedkqn.med.uni-giessen.de\/wp-content\/uploads\/2020\/08\/Logo-01-v02-Transp.png","width":2000,"height":2000,"caption":"CEDKQN"},"image":{"@id":"https:\/\/cedkqn.med.uni-giessen.de\/#\/schema\/logo\/image\/"}}]}},"_links":{"self":[{"href":"https:\/\/cedkqn.med.uni-giessen.de\/index.php\/wp-json\/wp\/v2\/pages\/41","targetHints":{"allow":["GET"]}}],"collection":[{"href":"https:\/\/cedkqn.med.uni-giessen.de\/index.php\/wp-json\/wp\/v2\/pages"}],"about":[{"href":"https:\/\/cedkqn.med.uni-giessen.de\/index.php\/wp-json\/wp\/v2\/types\/page"}],"author":[{"embeddable":true,"href":"https:\/\/cedkqn.med.uni-giessen.de\/index.php\/wp-json\/wp\/v2\/users\/2"}],"replies":[{"embeddable":true,"href":"https:\/\/cedkqn.med.uni-giessen.de\/index.php\/wp-json\/wp\/v2\/comments?post=41"}],"version-history":[{"count":48,"href":"https:\/\/cedkqn.med.uni-giessen.de\/index.php\/wp-json\/wp\/v2\/pages\/41\/revisions"}],"predecessor-version":[{"id":3553,"href":"https:\/\/cedkqn.med.uni-giessen.de\/index.php\/wp-json\/wp\/v2\/pages\/41\/revisions\/3553"}],"wp:attachment":[{"href":"https:\/\/cedkqn.med.uni-giessen.de\/index.php\/wp-json\/wp\/v2\/media?parent=41"}],"curies":[{"name":"wp","href":"https:\/\/api.w.org\/{rel}","templated":true}]}}